{"id":16962,"date":"2022-07-21T12:18:03","date_gmt":"2022-07-21T08:18:03","guid":{"rendered":"https:\/\/saglamhayat.az\/?page_id=16962"},"modified":"2022-09-15T16:29:10","modified_gmt":"2022-09-15T12:29:10","slug":"check-up","status":"publish","type":"page","link":"https:\/\/saglamhayat.az\/?page_id=16962","title":{"rendered":"CHECK-UP: PAKETL\u018fR\u0130M\u0130Z"},"content":{"rendered":"\t\t<div data-elementor-type=\"wp-page\" data-elementor-id=\"16962\" class=\"elementor elementor-16962\">\n\t\t\t\t\t\t<section class=\"elementor-section elementor-top-section elementor-element elementor-element-880b349 elementor-section-boxed elementor-section-height-default elementor-section-height-default\" data-id=\"880b349\" data-element_type=\"section\" data-e-type=\"section\">\n\t\t\t\t\t\t<div class=\"elementor-container elementor-column-gap-default\">\n\t\t\t\t\t<div class=\"elementor-column elementor-col-33 elementor-top-column elementor-element elementor-element-b8a8bb7\" data-id=\"b8a8bb7\" data-element_type=\"column\" data-e-type=\"column\">\n\t\t\t<div class=\"elementor-widget-wrap elementor-element-populated\">\n\t\t\t\t\t\t<div class=\"elementor-element elementor-element-ffbfc1c elementor-widget elementor-widget-medicate_Service_Box\" data-id=\"ffbfc1c\" data-element_type=\"widget\" data-e-type=\"widget\" data-widget_type=\"medicate_Service_Box.default\">\n\t\t\t\t<div class=\"elementor-widget-container\">\n\t\t\t\t\t\t<div class=\"pt-service-box pt-style-1\">\r\n  <div class=\"pt-service-block\">\r\n\t\t<div class=\"pt-service-img\"><img decoding=\"async\" src=\"https:\/\/saglamhayat.az\/wp-content\/uploads\/2022\/07\/saglam-hayat-muayine.jpg\" alt=\"servicebox\" \/>\r\n<\/div>\r\n\t\t<div class=\"pt-service-box-info\">\r\n\r\n         <div class=\"pt-info-text\">\r\n            <span class=\"pt-service-sub-title\">SAD\u018f CHECK-UP<\/span>\r\n\r\n              <a href=\"https:\/\/saglamhayat.az\/sad%c9%99-check-up\/\">\r\n               <h5 class=\"pt-service-title\">\u018ftrafl\u0131<\/h5>            <\/a>\r\n         <\/div>\r\n\r\n         <div class=\"pt-service-icon\">\r\n            <i class=\"fas fa-plus\"><\/i>\r\n         <\/div>\r\n      <\/div>\r\n  <\/div>\r\n\t<\/div>\r\n\r\n\t\r\n\r\n\r\n\t\t\t\t<\/div>\n\t\t\t\t<\/div>\n\t\t\t\t\t<\/div>\n\t\t<\/div>\n\t\t\t\t<div class=\"elementor-column elementor-col-33 elementor-top-column elementor-element elementor-element-7e59c09\" data-id=\"7e59c09\" data-element_type=\"column\" data-e-type=\"column\">\n\t\t\t<div class=\"elementor-widget-wrap elementor-element-populated\">\n\t\t\t\t\t\t<div class=\"elementor-element elementor-element-f219170 elementor-widget elementor-widget-medicate_Service_Box\" data-id=\"f219170\" data-element_type=\"widget\" data-e-type=\"widget\" data-widget_type=\"medicate_Service_Box.default\">\n\t\t\t\t<div class=\"elementor-widget-container\">\n\t\t\t\t\t\t<div class=\"pt-service-box pt-style-1\">\r\n  <div class=\"pt-service-block\">\r\n\t\t<div class=\"pt-service-img\"><img decoding=\"async\" src=\"https:\/\/saglamhayat.az\/wp-content\/uploads\/2022\/09\/pediatrik-cekap-saglam-hayat.jpg\" alt=\"servicebox\" \/>\r\n<\/div>\r\n\t\t<div class=\"pt-service-box-info\">\r\n\r\n         <div class=\"pt-info-text\">\r\n            <span class=\"pt-service-sub-title\">PED\u0130ATR\u0130K CHECK -UP<\/span>\r\n\r\n              <a href=\"https:\/\/saglamhayat.az\/pediatrik-check-up-paketl%c9%99ri\/\">\r\n               <h5 class=\"pt-service-title\">\u018ftrafl\u0131<\/h5>            <\/a>\r\n         <\/div>\r\n\r\n         <div class=\"pt-service-icon\">\r\n            <i class=\"fas fa-bars\"><\/i>\r\n         <\/div>\r\n      <\/div>\r\n  <\/div>\r\n\t<\/div>\r\n\r\n\t\r\n\r\n\r\n\t\t\t\t<\/div>\n\t\t\t\t<\/div>\n\t\t\t\t\t<\/div>\n\t\t<\/div>\n\t\t\t\t<div class=\"elementor-column elementor-col-33 elementor-top-column elementor-element elementor-element-e773ea4\" data-id=\"e773ea4\" data-element_type=\"column\" data-e-type=\"column\">\n\t\t\t<div class=\"elementor-widget-wrap elementor-element-populated\">\n\t\t\t\t\t\t<div class=\"elementor-element elementor-element-f50d74f elementor-widget elementor-widget-medicate_Service_Box\" data-id=\"f50d74f\" data-element_type=\"widget\" data-e-type=\"widget\" data-widget_type=\"medicate_Service_Box.default\">\n\t\t\t\t<div class=\"elementor-widget-container\">\n\t\t\t\t\t\t<div class=\"pt-service-box pt-style-1\">\r\n  <div class=\"pt-service-block\">\r\n\t\t<div class=\"pt-service-img\"><img decoding=\"async\" src=\"https:\/\/saglamhayat.az\/wp-content\/uploads\/2022\/07\/saglam-hayat.jpg\" alt=\"servicebox\" \/>\r\n<\/div>\r\n\t\t<div class=\"pt-service-box-info\">\r\n\r\n         <div class=\"pt-info-text\">\r\n            <span class=\"pt-service-sub-title\">\u00dcMUM\u0130 CHECK UP<\/span>\r\n\r\n              <a href=\"https:\/\/saglamhayat.az\/umumi-check-up\/\">\r\n               <h5 class=\"pt-service-title\">\u018ftrafl\u0131<\/h5>            <\/a>\r\n         <\/div>\r\n\r\n         <div class=\"pt-service-icon\">\r\n            <i class=\"fas fa-list\"><\/i>\r\n         <\/div>\r\n      <\/div>\r\n  <\/div>\r\n\t<\/div>\r\n\r\n\t\r\n\r\n\r\n\t\t\t\t<\/div>\n\t\t\t\t<\/div>\n\t\t\t\t\t<\/div>\n\t\t<\/div>\n\t\t\t\t\t<\/div>\n\t\t<\/section>\n\t\t\t\t<section class=\"elementor-section elementor-top-section elementor-element elementor-element-d8b4dd3 elementor-section-boxed elementor-section-height-default elementor-section-height-default\" data-id=\"d8b4dd3\" data-element_type=\"section\" data-e-type=\"section\">\n\t\t\t\t\t\t<div class=\"elementor-container elementor-column-gap-default\">\n\t\t\t\t\t<div class=\"elementor-column elementor-col-33 elementor-top-column elementor-element elementor-element-e7cd50a\" data-id=\"e7cd50a\" data-element_type=\"column\" data-e-type=\"column\">\n\t\t\t<div class=\"elementor-widget-wrap elementor-element-populated\">\n\t\t\t\t\t\t<div class=\"elementor-element elementor-element-f7ca999 elementor-widget elementor-widget-medicate_Service_Box\" data-id=\"f7ca999\" data-element_type=\"widget\" data-e-type=\"widget\" data-widget_type=\"medicate_Service_Box.default\">\n\t\t\t\t<div class=\"elementor-widget-container\">\n\t\t\t\t\t\t<div class=\"pt-service-box pt-style-1\">\r\n  <div class=\"pt-service-block\">\r\n\t\t<div class=\"pt-service-img\"><img decoding=\"async\" src=\"https:\/\/saglamhayat.az\/wp-content\/uploads\/2022\/09\/terapev-saglam-hayat.jpg\" alt=\"servicebox\" \/>\r\n<\/div>\r\n\t\t<div class=\"pt-service-box-info\">\r\n\r\n         <div class=\"pt-info-text\">\r\n            <span class=\"pt-service-sub-title\">TERAPEVT\u0130K CHECK UP<\/span>\r\n\r\n              <a href=\"https:\/\/saglamhayat.az\/terapevtik-check-up-paketi\/\">\r\n               <h5 class=\"pt-service-title\">\u018ftrafl\u0131<\/h5>            <\/a>\r\n         <\/div>\r\n\r\n         <div class=\"pt-service-icon\">\r\n            <i class=\"fas fa-stream\"><\/i>\r\n         <\/div>\r\n      <\/div>\r\n  <\/div>\r\n\t<\/div>\r\n\r\n\t\r\n\r\n\r\n\t\t\t\t<\/div>\n\t\t\t\t<\/div>\n\t\t\t\t\t<\/div>\n\t\t<\/div>\n\t\t\t\t<div class=\"elementor-column elementor-col-33 elementor-top-column elementor-element elementor-element-e8c42cf\" data-id=\"e8c42cf\" data-element_type=\"column\" data-e-type=\"column\">\n\t\t\t<div class=\"elementor-widget-wrap elementor-element-populated\">\n\t\t\t\t\t\t<div class=\"elementor-element elementor-element-2db70fe elementor-widget elementor-widget-medicate_Service_Box\" data-id=\"2db70fe\" data-element_type=\"widget\" data-e-type=\"widget\" data-widget_type=\"medicate_Service_Box.default\">\n\t\t\t\t<div class=\"elementor-widget-container\">\n\t\t\t\t\t\t<div class=\"pt-service-box pt-style-1\">\r\n  <div class=\"pt-service-block\">\r\n\t\t<div class=\"pt-service-img\"><img decoding=\"async\" src=\"https:\/\/saglamhayat.az\/wp-content\/uploads\/2022\/09\/onkoloji-cekap.jpg\" alt=\"servicebox\" \/>\r\n<\/div>\r\n\t\t<div class=\"pt-service-box-info\">\r\n\r\n         <div class=\"pt-info-text\">\r\n            <span class=\"pt-service-sub-title\">ONKOLOJ\u0130 CHECK UP<\/span>\r\n\r\n              <a href=\"https:\/\/saglamhayat.az\/onkoloji-check-up\/\">\r\n               <h5 class=\"pt-service-title\">\u018ftrafl\u0131<\/h5>            <\/a>\r\n         <\/div>\r\n\r\n         <div class=\"pt-service-icon\">\r\n            <i class=\"far fa-caret-square-down\"><\/i>\r\n         <\/div>\r\n      <\/div>\r\n  <\/div>\r\n\t<\/div>\r\n\r\n\t\r\n\r\n\r\n\t\t\t\t<\/div>\n\t\t\t\t<\/div>\n\t\t\t\t\t<\/div>\n\t\t<\/div>\n\t\t\t\t<div class=\"elementor-column elementor-col-33 elementor-top-column elementor-element elementor-element-498b3ea\" data-id=\"498b3ea\" data-element_type=\"column\" data-e-type=\"column\">\n\t\t\t<div class=\"elementor-widget-wrap elementor-element-populated\">\n\t\t\t\t\t\t<div class=\"elementor-element elementor-element-d8b9e05 elementor-widget elementor-widget-medicate_Service_Box\" data-id=\"d8b9e05\" data-element_type=\"widget\" data-e-type=\"widget\" data-widget_type=\"medicate_Service_Box.default\">\n\t\t\t\t<div class=\"elementor-widget-container\">\n\t\t\t\t\t\t<div class=\"pt-service-box pt-style-1\">\r\n  <div class=\"pt-service-block\">\r\n\t\t<div class=\"pt-service-img\"><img decoding=\"async\" src=\"https:\/\/saglamhayat.az\/wp-content\/uploads\/2022\/09\/coronavirus-test.jpg\" alt=\"servicebox\" \/>\r\n<\/div>\r\n\t\t<div class=\"pt-service-box-info\">\r\n\r\n         <div class=\"pt-info-text\">\r\n            <span class=\"pt-service-sub-title\">COVID-19 PAKET\u0130<\/span>\r\n\r\n              <a href=\"https:\/\/saglamhayat.az\/covid-19-paketi\/\">\r\n               <h5 class=\"pt-service-title\">\u018ftrafl\u0131<\/h5>            <\/a>\r\n         <\/div>\r\n\r\n         <div class=\"pt-service-icon\">\r\n            <i class=\"fas fa-atom\"><\/i>\r\n         <\/div>\r\n      <\/div>\r\n  <\/div>\r\n\t<\/div>\r\n\r\n\t\r\n\r\n\r\n\t\t\t\t<\/div>\n\t\t\t\t<\/div>\n\t\t\t\t\t<\/div>\n\t\t<\/div>\n\t\t\t\t\t<\/div>\n\t\t<\/section>\n\t\t\t\t<\/div>\n\t\t","protected":false},"excerpt":{"rendered":"<p>SAD\u018f CHECK-UP \u018ftrafl\u0131 PED\u0130ATR\u0130K CHECK -UP \u018ftrafl\u0131 \u00dcMUM\u0130 CHECK UP \u018ftrafl\u0131 TERAPEVT\u0130K CHECK UP \u018ftrafl\u0131 ONKOLOJ\u0130 CHECK UP \u018ftrafl\u0131 COVID-19 PAKET\u0130 \u018ftrafl\u0131<\/p>\n","protected":false},"author":1,"featured_media":0,"parent":0,"menu_order":0,"comment_status":"closed","ping_status":"closed","template":"","meta":{"_acf_changed":false,"footnotes":""},"class_list":["post-16962","page","type-page","status-publish","hentry"],"acf":[],"_links":{"self":[{"href":"https:\/\/saglamhayat.az\/index.php?rest_route=\/wp\/v2\/pages\/16962","targetHints":{"allow":["GET"]}}],"collection":[{"href":"https:\/\/saglamhayat.az\/index.php?rest_route=\/wp\/v2\/pages"}],"about":[{"href":"https:\/\/saglamhayat.az\/index.php?rest_route=\/wp\/v2\/types\/page"}],"author":[{"embeddable":true,"href":"https:\/\/saglamhayat.az\/index.php?rest_route=\/wp\/v2\/users\/1"}],"replies":[{"embeddable":true,"href":"https:\/\/saglamhayat.az\/index.php?rest_route=%2Fwp%2Fv2%2Fcomments&post=16962"}],"version-history":[{"count":67,"href":"https:\/\/saglamhayat.az\/index.php?rest_route=\/wp\/v2\/pages\/16962\/revisions"}],"predecessor-version":[{"id":17433,"href":"https:\/\/saglamhayat.az\/index.php?rest_route=\/wp\/v2\/pages\/16962\/revisions\/17433"}],"wp:attachment":[{"href":"https:\/\/saglamhayat.az\/index.php?rest_route=%2Fwp%2Fv2%2Fmedia&parent=16962"}],"curies":[{"name":"wp","href":"https:\/\/api.w.org\/{rel}","templated":true}]}}