{"id":17148,"date":"2022-08-12T15:25:09","date_gmt":"2022-08-12T11:25:09","guid":{"rendered":"https:\/\/saglamhayat.az\/?page_id=17148"},"modified":"2022-08-16T11:41:57","modified_gmt":"2022-08-16T07:41:57","slug":"x%c9%99st%c9%99l%c9%99r-ucun-m%c9%99lumatlar","status":"publish","type":"page","link":"https:\/\/saglamhayat.az\/?page_id=17148","title":{"rendered":"X\u0259st\u0259l\u0259r \u00fc\u00e7\u00fcn m\u0259lumatlar"},"content":{"rendered":"\t\t<div data-elementor-type=\"wp-page\" data-elementor-id=\"17148\" class=\"elementor elementor-17148\">\n\t\t\t\t\t\t<section class=\"elementor-section elementor-top-section elementor-element elementor-element-75fa4cd elementor-section-boxed elementor-section-height-default elementor-section-height-default\" data-id=\"75fa4cd\" data-element_type=\"section\" data-e-type=\"section\">\n\t\t\t\t\t\t<div class=\"elementor-container elementor-column-gap-default\">\n\t\t\t\t\t<div class=\"elementor-column elementor-col-100 elementor-top-column elementor-element elementor-element-5221134\" data-id=\"5221134\" data-element_type=\"column\" data-e-type=\"column\">\n\t\t\t<div class=\"elementor-widget-wrap\">\n\t\t\t\t\t\t\t<\/div>\n\t\t<\/div>\n\t\t\t\t\t<\/div>\n\t\t<\/section>\n\t\t\t\t<section class=\"elementor-section elementor-top-section elementor-element elementor-element-c97dfc5 elementor-section-boxed elementor-section-height-default elementor-section-height-default\" data-id=\"c97dfc5\" data-element_type=\"section\" data-e-type=\"section\">\n\t\t\t\t\t\t<div class=\"elementor-container elementor-column-gap-default\">\n\t\t\t\t\t<div class=\"elementor-column elementor-col-100 elementor-top-column elementor-element elementor-element-c50f049\" data-id=\"c50f049\" data-element_type=\"column\" data-e-type=\"column\">\n\t\t\t<div class=\"elementor-widget-wrap\">\n\t\t\t\t\t\t\t<\/div>\n\t\t<\/div>\n\t\t\t\t\t<\/div>\n\t\t<\/section>\n\t\t\t\t<section class=\"elementor-section elementor-top-section elementor-element elementor-element-5398f68 elementor-section-boxed elementor-section-height-default elementor-section-height-default\" data-id=\"5398f68\" data-element_type=\"section\" data-e-type=\"section\">\n\t\t\t\t\t\t<div class=\"elementor-container elementor-column-gap-default\">\n\t\t\t\t\t<div class=\"elementor-column elementor-col-50 elementor-top-column elementor-element elementor-element-00114cc\" data-id=\"00114cc\" data-element_type=\"column\" data-e-type=\"column\">\n\t\t\t<div class=\"elementor-widget-wrap elementor-element-populated\">\n\t\t\t\t\t\t<div class=\"elementor-element elementor-element-d4a830f elementor-widget elementor-widget-accordion\" data-id=\"d4a830f\" data-element_type=\"widget\" data-e-type=\"widget\" data-widget_type=\"accordion.default\">\n\t\t\t\t<div class=\"elementor-widget-container\">\n\t\t\t\t\t\t\t<div class=\"elementor-accordion\">\n\t\t\t\t\t\t\t<div class=\"elementor-accordion-item\">\n\t\t\t\t\t<div id=\"elementor-tab-title-2221\" class=\"elementor-tab-title\" data-tab=\"1\" role=\"button\" aria-controls=\"elementor-tab-content-2221\" aria-expanded=\"false\">\n\t\t\t\t\t\t\t\t\t\t\t\t\t<span class=\"elementor-accordion-icon elementor-accordion-icon-right\" aria-hidden=\"true\">\n\t\t\t\t\t\t\t\t\t\t\t\t\t\t\t<span class=\"elementor-accordion-icon-closed\"><i class=\"fas fa-plus\"><\/i><\/span>\n\t\t\t\t\t\t\t\t<span class=\"elementor-accordion-icon-opened\"><i class=\"fas fa-minus\"><\/i><\/span>\n\t\t\t\t\t\t\t\t\t\t\t\t\t\t<\/span>\n\t\t\t\t\t\t\t\t\t\t\t\t<a class=\"elementor-accordion-title\" tabindex=\"0\">H\u0259kiminizd\u0259n soru\u015fun<\/a>\n\t\t\t\t\t<\/div>\n\t\t\t\t\t<div id=\"elementor-tab-content-2221\" class=\"elementor-tab-content elementor-clearfix\" data-tab=\"1\" role=\"region\" aria-labelledby=\"elementor-tab-title-2221\"><p>Laboratoriyam\u0131z v\u0259 ya testl\u0259r haqq\u0131nda b\u00fct\u00fcn suallar\u0131n\u0131z<\/p><ul><li>\u0130st\u0259nil\u0259n test haqq\u0131nda m\u0259lumat almaq \u00fc\u00e7\u00fcn,<\/li><li>\u0130st\u0259nil\u0259n m\u00f6vzuda hans\u0131 testl\u0259rin apar\u0131laca\u011f\u0131na q\u0259rar verm\u0259k,<\/li><li>Testd\u0259n \u0259vv\u0259l hans\u0131 n\u00f6v ilkin haz\u0131rl\u0131qlar\u0131n apar\u0131laca\u011f\u0131n\u0131 \u00f6yr\u0259nm\u0259k \u00fc\u00e7\u00fcn,<\/li><li>Test n\u0259tic\u0259l\u0259rinin t\u0259qdim edilm\u0259 vaxt\u0131 haqq\u0131nda m\u0259lumat almaq.<\/li><li>Test n\u0259tic\u0259l\u0259ri haqq\u0131nda m\u0259lumat almaq;<\/li><li>Suallar\u0131n\u0131z\u0131 m\u00fct\u0259x\u0259ssis h\u0259kiml\u0259rimiz\u0259 g\u00f6nd\u0259r\u0259 bil\u0259rsiniz.<\/li><li>Suallar\u0131n\u0131z \u00fc\u00e7\u00fcn;<\/li><li><span \n                data-original-string='drafq1IFBHuZ9AnvUMmXjQ==965Q8WSKqPYmcEHNhKUExQ9w1\/o4BjDYg8adlPPOA3d+ro='\n                class='apbct-email-encoder'\n                title='This contact has been encoded by Anti-Spam by CleanTalk. Click to decode. To finish the decoding make sure that JavaScript is enabled in your browser.'>in<span class=\"apbct-blur\">**<\/span>@<span class=\"apbct-blur\">*********<\/span>at.az<\/span> elektron po\u00e7tu il\u0259<\/li><li>V\u0259 ya birba\u015fa telefonla(+994512358282) soru\u015fa bil\u0259rsiniz.<\/li><\/ul><\/div>\n\t\t\t\t<\/div>\n\t\t\t\t\t\t\t<div class=\"elementor-accordion-item\">\n\t\t\t\t\t<div id=\"elementor-tab-title-2222\" class=\"elementor-tab-title\" data-tab=\"2\" role=\"button\" aria-controls=\"elementor-tab-content-2222\" aria-expanded=\"false\">\n\t\t\t\t\t\t\t\t\t\t\t\t\t<span class=\"elementor-accordion-icon elementor-accordion-icon-right\" aria-hidden=\"true\">\n\t\t\t\t\t\t\t\t\t\t\t\t\t\t\t<span class=\"elementor-accordion-icon-closed\"><i class=\"fas fa-plus\"><\/i><\/span>\n\t\t\t\t\t\t\t\t<span class=\"elementor-accordion-icon-opened\"><i class=\"fas fa-minus\"><\/i><\/span>\n\t\t\t\t\t\t\t\t\t\t\t\t\t\t<\/span>\n\t\t\t\t\t\t\t\t\t\t\t\t<a class=\"elementor-accordion-title\" tabindex=\"0\">Laboratoriya se\u00e7iminin \u0259h\u0259miyy\u0259ti varm\u0131?<\/a>\n\t\t\t\t\t<\/div>\n\t\t\t\t\t<div id=\"elementor-tab-content-2222\" class=\"elementor-tab-content elementor-clearfix\" data-tab=\"2\" role=\"region\" aria-labelledby=\"elementor-tab-title-2222\"><ul><li>Bu son d\u0259r\u0259c\u0259 \u0259h\u0259miyy\u0259tlidir.<\/li><li>H\u0259r laboratoriya eyni keyfiyy\u0259td\u0259 deyil.<\/li><li>B\u0259zi laboratoriyalarda daimi m\u00fct\u0259x\u0259ssisl\u0259r yoxdur.<\/li><li>B\u0259zi laboratoriyalar\u0131n cihaz v\u0259 avadanl\u0131q infrastrukturu yoxdur.<\/li><li>B\u0259zi laboratoriyalarda kifay\u0259t q\u0259d\u0259r bilik v\u0259 t\u0259cr\u00fcb\u0259 yoxdur.<\/li><li>B\u0259zi laboratoriyalarda keyfiyy\u0259t sistemi yoxdur.<\/li><li>B\u0259zi laboratoriyalar texnoloji inki\u015fafdan \u00e7ox geri qal\u0131r.<\/li><li>Keyfiyy\u0259tli v\u0259 Etibarl\u0131 LABORATOR\u0130YA:<\/li><li>T\u0259cr\u00fcb\u0259li, bilikli v\u0259 karyeras\u0131 olan m\u00fct\u0259x\u0259ssisl\u0259r\u0259 malik olmald\u0131r.<\/li><li>Cihaz v\u0259 avadanl\u0131q infrastrukturu kifay\u0259t q\u0259d\u0259r olmal\u0131d\u0131r.<\/li><li>M\u00fct\u0259x\u0259ssisl\u0259ri daimi olmal\u0131d\u0131r.<\/li><li>M\u00f6vcud tibbi v\u0259 texnoloji inki\u015faflar\u0131 yax\u0131ndan izl\u0259m\u0259lidir.<\/li><li>Elmi v\u0259 etik c\u0259h\u0259td\u0259n i\u015fl\u0259m\u0259lidir v\u0259 yaln\u0131z kommersiya m\u0259qs\u0259dl\u0259ri \u00fc\u00e7\u00fcn f\u0259aliyy\u0259t g\u00f6st\u0259rm\u0259m\u0259lidir.<\/li><\/ul><\/div>\n\t\t\t\t<\/div>\n\t\t\t\t\t\t\t\t<\/div>\n\t\t\t\t\t\t<\/div>\n\t\t\t\t<\/div>\n\t\t\t\t\t<\/div>\n\t\t<\/div>\n\t\t\t\t<div class=\"elementor-column elementor-col-50 elementor-top-column elementor-element elementor-element-5e2bfa8\" data-id=\"5e2bfa8\" data-element_type=\"column\" data-e-type=\"column\">\n\t\t\t<div class=\"elementor-widget-wrap elementor-element-populated\">\n\t\t\t\t\t\t<div class=\"elementor-element elementor-element-bfd78b6 elementor-position-top elementor-widget elementor-widget-image-box\" data-id=\"bfd78b6\" data-element_type=\"widget\" data-e-type=\"widget\" data-widget_type=\"image-box.default\">\n\t\t\t\t<div class=\"elementor-widget-container\">\n\t\t\t\t\t<div class=\"elementor-image-box-wrapper\"><figure class=\"elementor-image-box-img\"><a href=\"https:\/\/saglamhayat.az\/tibbi-laboratoriyalar\/\" tabindex=\"-1\"><img fetchpriority=\"high\" decoding=\"async\" width=\"2847\" height=\"2345\" src=\"https:\/\/saglamhayat.az\/wp-content\/uploads\/2022\/07\/saglam_lehay_logo.png\" class=\"attachment-full size-full wp-image-16740\" alt=\"\" srcset=\"https:\/\/saglamhayat.az\/wp-content\/uploads\/2022\/07\/saglam_lehay_logo.png 2847w, https:\/\/saglamhayat.az\/wp-content\/uploads\/2022\/07\/saglam_lehay_logo-600x494.png 600w, https:\/\/saglamhayat.az\/wp-content\/uploads\/2022\/07\/saglam_lehay_logo-300x247.png 300w, https:\/\/saglamhayat.az\/wp-content\/uploads\/2022\/07\/saglam_lehay_logo-1024x843.png 1024w, https:\/\/saglamhayat.az\/wp-content\/uploads\/2022\/07\/saglam_lehay_logo-768x633.png 768w, https:\/\/saglamhayat.az\/wp-content\/uploads\/2022\/07\/saglam_lehay_logo-1536x1265.png 1536w, https:\/\/saglamhayat.az\/wp-content\/uploads\/2022\/07\/saglam_lehay_logo-2048x1687.png 2048w\" sizes=\"(max-width: 2847px) 100vw, 2847px\" \/><\/a><\/figure><div class=\"elementor-image-box-content\"><h3 class=\"elementor-image-box-title\"><a href=\"https:\/\/saglamhayat.az\/tibbi-laboratoriyalar\/\">T\u0130BB\u0130 LABORATOR\u0130YALAR,  ANAL\u0130ZL\u018fR \u00dc\u00c7\u00dcN N\u00dcMUN\u018fL\u018fR\u0130N ALINMASI V\u018f HAZIRLANMASI<\/a><\/h3><\/div><\/div>\t\t\t\t<\/div>\n\t\t\t\t<\/div>\n\t\t\t\t\t<\/div>\n\t\t<\/div>\n\t\t\t\t\t<\/div>\n\t\t<\/section>\n\t\t\t\t<\/div>\n\t\t","protected":false},"excerpt":{"rendered":"<p>H\u0259kiminizd\u0259n soru\u015fun Laboratoriyam\u0131z v\u0259 ya testl\u0259r haqq\u0131nda b\u00fct\u00fcn suallar\u0131n\u0131z \u0130st\u0259nil\u0259n test haqq\u0131nda m\u0259lumat almaq \u00fc\u00e7\u00fcn, \u0130st\u0259nil\u0259n m\u00f6vzuda hans\u0131 testl\u0259rin apar\u0131laca\u011f\u0131na q\u0259rar verm\u0259k, Testd\u0259n \u0259vv\u0259l hans\u0131 n\u00f6v ilkin haz\u0131rl\u0131qlar\u0131n apar\u0131laca\u011f\u0131n\u0131 \u00f6yr\u0259nm\u0259k \u00fc\u00e7\u00fcn, Test n\u0259tic\u0259l\u0259rinin t\u0259qdim edilm\u0259 vaxt\u0131 haqq\u0131nda m\u0259lumat almaq. Test n\u0259tic\u0259l\u0259ri haqq\u0131nda m\u0259lumat almaq; Suallar\u0131n\u0131z\u0131 m\u00fct\u0259x\u0259ssis h\u0259kiml\u0259rimiz\u0259 g\u00f6nd\u0259r\u0259 bil\u0259rsiniz. Suallar\u0131n\u0131z \u00fc\u00e7\u00fcn; in**@*********at.az elektron po\u00e7tu il\u0259 [&hellip;]<\/p>\n","protected":false},"author":1,"featured_media":0,"parent":0,"menu_order":0,"comment_status":"closed","ping_status":"closed","template":"","meta":{"_acf_changed":false,"footnotes":""},"class_list":["post-17148","page","type-page","status-publish","hentry"],"acf":[],"_links":{"self":[{"href":"https:\/\/saglamhayat.az\/index.php?rest_route=\/wp\/v2\/pages\/17148","targetHints":{"allow":["GET"]}}],"collection":[{"href":"https:\/\/saglamhayat.az\/index.php?rest_route=\/wp\/v2\/pages"}],"about":[{"href":"https:\/\/saglamhayat.az\/index.php?rest_route=\/wp\/v2\/types\/page"}],"author":[{"embeddable":true,"href":"https:\/\/saglamhayat.az\/index.php?rest_route=\/wp\/v2\/users\/1"}],"replies":[{"embeddable":true,"href":"https:\/\/saglamhayat.az\/index.php?rest_route=%2Fwp%2Fv2%2Fcomments&post=17148"}],"version-history":[{"count":26,"href":"https:\/\/saglamhayat.az\/index.php?rest_route=\/wp\/v2\/pages\/17148\/revisions"}],"predecessor-version":[{"id":17303,"href":"https:\/\/saglamhayat.az\/index.php?rest_route=\/wp\/v2\/pages\/17148\/revisions\/17303"}],"wp:attachment":[{"href":"https:\/\/saglamhayat.az\/index.php?rest_route=%2Fwp%2Fv2%2Fmedia&parent=17148"}],"curies":[{"name":"wp","href":"https:\/\/api.w.org\/{rel}","templated":true}]}}