{"id":2235,"date":"2021-12-03T10:03:09","date_gmt":"2021-12-03T10:03:09","guid":{"rendered":"https:\/\/medicate.peacefulqode.com\/?page_id=2235"},"modified":"2022-08-08T16:24:12","modified_gmt":"2022-08-08T12:24:12","slug":"media","status":"publish","type":"page","link":"https:\/\/saglamhayat.az\/?page_id=2235","title":{"rendered":"Media"},"content":{"rendered":"\t\t<div data-elementor-type=\"wp-page\" data-elementor-id=\"2235\" class=\"elementor elementor-2235\">\n\t\t\t\t\t\t<div class=\"elementor-section elementor-top-section elementor-element elementor-element-d2e91cd elementor-section-full_width elementor-section-stretched elementor-section-height-default elementor-section-height-default\" data-id=\"d2e91cd\" data-element_type=\"section\" data-e-type=\"section\" data-settings=\"{&quot;stretch_section&quot;:&quot;section-stretched&quot;}\">\n\t\t\t\t\t\t<div class=\"elementor-container elementor-column-gap-default\">\n\t\t\t\t\t<div class=\"elementor-column elementor-col-100 elementor-top-column elementor-element elementor-element-7865df5\" data-id=\"7865df5\" data-element_type=\"column\" data-e-type=\"column\">\n\t\t\t<div class=\"elementor-widget-wrap elementor-element-populated\">\n\t\t\t\t\t\t<div class=\"elementor-section elementor-inner-section elementor-element elementor-element-cf84b4c elementor-section-boxed elementor-section-height-default elementor-section-height-default\" data-id=\"cf84b4c\" data-element_type=\"section\" data-e-type=\"section\">\n\t\t\t\t\t\t<div class=\"elementor-container elementor-column-gap-default\">\n\t\t\t\t\t<div class=\"elementor-column elementor-col-100 elementor-inner-column elementor-element elementor-element-47e29fe\" data-id=\"47e29fe\" data-element_type=\"column\" data-e-type=\"column\">\n\t\t\t<div class=\"elementor-widget-wrap elementor-element-populated\">\n\t\t\t\t\t\t<div class=\"elementor-element elementor-element-3a57f36 elementor-widget elementor-widget-blog\" data-id=\"3a57f36\" data-element_type=\"widget\" data-e-type=\"widget\" data-widget_type=\"blog.default\">\n\t\t\t\t<div class=\"elementor-widget-container\">\n\t\t\t\t\t<div class=\"pt-blog pt-blog-col-3\">\r\n  <div class=\"row\">\r\n\r\n              <div class=\"col-lg-4\">\r\n           <div class=\"pt-blog-post\">\r\n              <div class=\"pt-post-media\">\r\n              <img fetchpriority=\"high\" decoding=\"async\" width=\"889\" height=\"667\" src=\"https:\/\/saglamhayat.az\/wp-content\/uploads\/2022\/09\/Untitled-2.jpg\" class=\"attachment-post-thumbnail size-post-thumbnail wp-post-image\" alt=\"\" srcset=\"https:\/\/saglamhayat.az\/wp-content\/uploads\/2022\/09\/Untitled-2.jpg 889w, https:\/\/saglamhayat.az\/wp-content\/uploads\/2022\/09\/Untitled-2-300x225.jpg 300w, https:\/\/saglamhayat.az\/wp-content\/uploads\/2022\/09\/Untitled-2-768x576.jpg 768w, https:\/\/saglamhayat.az\/wp-content\/uploads\/2022\/09\/Untitled-2-600x450.jpg 600w\" sizes=\"(max-width: 889px) 100vw, 889px\" \/>\r\n              \r\n                                  <div class=\"pt-post-date\">\r\n                    <a href=\"https:\/\/saglamhayat.az\/?m=20220901\">\r\n                    <span>01 Sentyabr 2022<\/span><\/a>\r\n                 <\/div>\r\n                                   <\/div>\r\n\r\n                  <div class=\"pt-blog-contain\">\r\n                 <div class=\"pt-post-meta\">\r\n                    <ul>\r\n                       <li class=\"pt-post-author\"><i class=\"fa fa-user\"><\/i>admin<\/li>\r\n\r\n                       <li class=\"pt-post-comment\">\r\n                                                              <a href=\"https:\/\/saglamhayat.az\/?p=17434\"><i class=\"fa fa-comments\"><\/i>\r\n                                  0 Comments<\/a>\r\n                        <\/li>\r\n                    <\/ul>\r\n                 <\/div>\r\n\r\n                 <h5 class=\"pt-blog-title\"><a href=\"https:\/\/saglamhayat.az\/?p=17434\">Quantiferon<\/a><\/h5>\r\n\r\n                 <div class=\"pt-blog-info\">\r\n                    <p>Quantiferon \u2013TB Gold Plus (QFT-Plus) Uzun ill\u0259rdir ki, tuberkulin d\u0259ri testi (TDT, Mantu testi), latent v\u0259r\u0259m infeksiyas\u0131 \u00fc\u00e7\u00fcn skrininqd\u0259 k\u00f6m\u0259k\u00e7i vasit\u0259 kimi istifad\u0259 olunur. Bununla birlikd\u0259, bu testin t\u0259tbiqind\u0259ki b\u0259zi \u00e7at\u0131\u015fmazl\u0131qlar alternativ metodlar\u0131n axtar\u0131\u015f\u0131 v\u0259 i\u015fl\u0259nm\u0259sini z\u0259ruri etdi. QuantiFERON-TB Gold testi Tuberkulin d\u0259ri testin\u0259 (Mantoux test, Mantu) alternativ olaraq yarad\u0131lm\u0131\u015f T-h\u00fcceyr\u0259 \u0259sasl\u0131 testdir. Mycobacterium tuberculosis [&hellip;]<\/p>\n                 <\/div>\r\n\r\n                 <div class=\"pt-btn-container\">\r\n                        <a href=\"https:\/\/saglamhayat.az\/?p=17434\" class=\"pt-button pt-button-flat\" >\r\n                          <div class=\"pt-button-block\">\r\n                            <span class=\"pt-button-text\">\u018ftrafl\u0131<\/span>\r\n                            <i class=\"ion ion-plus-round\"><\/i>\r\n                          <\/div>\r\n                        <\/a>\r\n                    <\/div>\r\n\r\n\r\n              <\/div>\r\n           <\/div>\r\n          <\/div>\r\n\r\n              <div class=\"col-lg-4\">\r\n           <div class=\"pt-blog-post\">\r\n              <div class=\"pt-post-media\">\r\n              <img decoding=\"async\" width=\"770\" height=\"500\" src=\"https:\/\/saglamhayat.az\/wp-content\/uploads\/2022\/08\/corona-xeber.png\" class=\"attachment-post-thumbnail size-post-thumbnail wp-post-image\" alt=\"\" srcset=\"https:\/\/saglamhayat.az\/wp-content\/uploads\/2022\/08\/corona-xeber.png 770w, https:\/\/saglamhayat.az\/wp-content\/uploads\/2022\/08\/corona-xeber-300x195.png 300w, https:\/\/saglamhayat.az\/wp-content\/uploads\/2022\/08\/corona-xeber-768x499.png 768w, https:\/\/saglamhayat.az\/wp-content\/uploads\/2022\/08\/corona-xeber-600x390.png 600w\" sizes=\"(max-width: 770px) 100vw, 770px\" \/>\r\n              \r\n                                  <div class=\"pt-post-date\">\r\n                    <a href=\"https:\/\/saglamhayat.az\/?m=20220815\">\r\n                    <span>15 Avqust 2022<\/span><\/a>\r\n                 <\/div>\r\n                                   <\/div>\r\n\r\n                  <div class=\"pt-blog-contain\">\r\n                 <div class=\"pt-post-meta\">\r\n                    <ul>\r\n                       <li class=\"pt-post-author\"><i class=\"fa fa-user\"><\/i>admin<\/li>\r\n\r\n                       <li class=\"pt-post-comment\">\r\n                                                              <a href=\"https:\/\/saglamhayat.az\/?p=17333\"><i class=\"fa fa-comments\"><\/i>\r\n                                  0 Comments<\/a>\r\n                        <\/li>\r\n                    <\/ul>\r\n                 <\/div>\r\n\r\n                 <h5 class=\"pt-blog-title\"><a href=\"https:\/\/saglamhayat.az\/?p=17333\">COVID-19 PEYV\u018fNDL\u018fR\u0130 HAQQINDA H\u018fQ\u0130Q\u018fTL\u018fR<\/a><\/h5>\r\n\r\n                 <div class=\"pt-blog-info\">\r\n                    <p>Sual: COVID-19 vaksini m\u0259ni COVID-19 x\u0259st\u0259si ed\u0259 bil\u0259rmi? Cavab:\u00a0Xeyr. \u00d6lk\u0259miz\u0259 (planla\u015fd\u0131r\u0131lan) g\u0259tirilm\u0259sin\u0259 icaz\u0259 veril\u0259n v\u0259 t\u00f6vsiy\u0259 olunan v\u0259 \u00fcmumiyy\u0259tl\u0259 COVID-19 vaksinl\u0259rinin he\u00e7 birind\u0259 bu infeksiyaya s\u0259b\u0259b olacaq canl\u0131 virus yoxdur. Bu o dem\u0259kdir ki, COVID-19 vaksini sizi COVID-19 x\u0259st\u0259si ed\u0259 bilm\u0259z. Haz\u0131rda inki\u015faf etdiril\u0259n bir ne\u00e7\u0259 m\u00fcxt\u0259lif vaksin n\u00f6v\u00fc var. Bunlar\u0131n ham\u0131s\u0131 immun sisteml\u0259rimiz\u0259 COVID-19-a [&hellip;]<\/p>\n                 <\/div>\r\n\r\n                 <div class=\"pt-btn-container\">\r\n                        <a href=\"https:\/\/saglamhayat.az\/?p=17333\" class=\"pt-button pt-button-flat\" >\r\n                          <div class=\"pt-button-block\">\r\n                            <span class=\"pt-button-text\">\u018ftrafl\u0131<\/span>\r\n                            <i class=\"ion ion-plus-round\"><\/i>\r\n                          <\/div>\r\n                        <\/a>\r\n                    <\/div>\r\n\r\n\r\n              <\/div>\r\n           <\/div>\r\n          <\/div>\r\n\r\n              <div class=\"col-lg-4\">\r\n           <div class=\"pt-blog-post\">\r\n              <div class=\"pt-post-media\">\r\n              <img decoding=\"async\" width=\"1000\" height=\"666\" src=\"https:\/\/saglamhayat.az\/wp-content\/uploads\/2022\/09\/16395603955854643114_1000x669.jpg\" class=\"attachment-post-thumbnail size-post-thumbnail wp-post-image\" alt=\"\" srcset=\"https:\/\/saglamhayat.az\/wp-content\/uploads\/2022\/09\/16395603955854643114_1000x669.jpg 1000w, https:\/\/saglamhayat.az\/wp-content\/uploads\/2022\/09\/16395603955854643114_1000x669-300x200.jpg 300w, https:\/\/saglamhayat.az\/wp-content\/uploads\/2022\/09\/16395603955854643114_1000x669-768x511.jpg 768w, https:\/\/saglamhayat.az\/wp-content\/uploads\/2022\/09\/16395603955854643114_1000x669-600x400.jpg 600w\" sizes=\"(max-width: 1000px) 100vw, 1000px\" \/>\r\n              \r\n                                  <div class=\"pt-post-date\">\r\n                    <a href=\"https:\/\/saglamhayat.az\/?m=20220810\">\r\n                    <span>10 Avqust 2022<\/span><\/a>\r\n                 <\/div>\r\n                                   <\/div>\r\n\r\n                  <div class=\"pt-blog-contain\">\r\n                 <div class=\"pt-post-meta\">\r\n                    <ul>\r\n                       <li class=\"pt-post-author\"><i class=\"fa fa-user\"><\/i>admin<\/li>\r\n\r\n                       <li class=\"pt-post-comment\">\r\n                                                              <a href=\"https:\/\/saglamhayat.az\/?p=17437\"><i class=\"fa fa-comments\"><\/i>\r\n                                  0 Comments<\/a>\r\n                        <\/li>\r\n                    <\/ul>\r\n                 <\/div>\r\n\r\n                 <h5 class=\"pt-blog-title\"><a href=\"https:\/\/saglamhayat.az\/?p=17437\">COVID-19 pasportu haqq\u0131nda \u00fcmumi m\u0259lumat<\/a><\/h5>\r\n\r\n                 <div class=\"pt-blog-info\">\r\n                    <p>COVID-19\u00a0pasportunun iki n\u00f6v\u00fc var: \u201cCOVID-19\u00a0vaksin sertifikat\u0131\u201d v\u0259 \u201cCOVID-19\u00a0immunitet sertifikat\u0131\u201d. \u201cCOVID-19\u00a0vaksin sertifikat\u0131\u201d\u00a0COVID-19\u00a0x\u0259st\u0259liyi \u0259leyhin\u0259 vaksinasiya olunanlara (iki dozada), \u201cCOVID-19\u00a0immunitet sertifikat\u0131\u201d is\u0259 x\u0259st\u0259liy\u0259 yoluxub sa\u011falm\u0131\u015f \u015f\u0259xsl\u0259r\u0259 verilir. S\u00f6z\u00fcged\u0259n sertifikatlar\u0131 \u0259ld\u0259 etm\u0259k \u00fc\u00e7\u00fcn \u0130cbari Tibbi S\u0131\u011forta \u00fczr\u0259 D\u00f6vl\u0259t Agentliyinin r\u0259smi internet s\u0259hif\u0259sind\u0259 E-xidm\u0259tl\u0259r b\u00f6lm\u0259sinin \u201c\u015e\u0259xsi Kabinet\u0259 giri\u015f\u201d (https:\/\/kabinet.its.gov.az\/az\/index) altb\u00f6lm\u0259si se\u00e7ilm\u0259lidir. Bu b\u00f6lm\u0259 \u201cMyGov\u201d portal\u0131na da \u0259lav\u0259 edilmi\u015fdir. \u201cDig\u0259r xidm\u0259tl\u0259r\u201d [&hellip;]<\/p>\n                 <\/div>\r\n\r\n                 <div class=\"pt-btn-container\">\r\n                        <a href=\"https:\/\/saglamhayat.az\/?p=17437\" class=\"pt-button pt-button-flat\" >\r\n                          <div class=\"pt-button-block\">\r\n                            <span class=\"pt-button-text\">\u018ftrafl\u0131<\/span>\r\n                            <i class=\"ion ion-plus-round\"><\/i>\r\n                          <\/div>\r\n                        <\/a>\r\n                    <\/div>\r\n\r\n\r\n              <\/div>\r\n           <\/div>\r\n          <\/div>\r\n\r\n              <div class=\"col-lg-4\">\r\n           <div class=\"pt-blog-post\">\r\n              <div class=\"pt-post-media\">\r\n              <img loading=\"lazy\" decoding=\"async\" width=\"780\" height=\"498\" src=\"https:\/\/saglamhayat.az\/wp-content\/uploads\/2021\/12\/newsbel.by-5.10.2021-yg2JxqurE9k28kiOKtBal9M6UrFs827n.png\" class=\"attachment-post-thumbnail size-post-thumbnail wp-post-image\" alt=\"\" srcset=\"https:\/\/saglamhayat.az\/wp-content\/uploads\/2021\/12\/newsbel.by-5.10.2021-yg2JxqurE9k28kiOKtBal9M6UrFs827n.png 780w, https:\/\/saglamhayat.az\/wp-content\/uploads\/2021\/12\/newsbel.by-5.10.2021-yg2JxqurE9k28kiOKtBal9M6UrFs827n-300x192.png 300w, https:\/\/saglamhayat.az\/wp-content\/uploads\/2021\/12\/newsbel.by-5.10.2021-yg2JxqurE9k28kiOKtBal9M6UrFs827n-768x490.png 768w, https:\/\/saglamhayat.az\/wp-content\/uploads\/2021\/12\/newsbel.by-5.10.2021-yg2JxqurE9k28kiOKtBal9M6UrFs827n-600x383.png 600w\" sizes=\"(max-width: 780px) 100vw, 780px\" \/>\r\n              \r\n                                  <div class=\"pt-post-date\">\r\n                    <a href=\"https:\/\/saglamhayat.az\/?m=20211217\">\r\n                    <span>17 Dekabr 2021<\/span><\/a>\r\n                 <\/div>\r\n                                   <\/div>\r\n\r\n                  <div class=\"pt-blog-contain\">\r\n                 <div class=\"pt-post-meta\">\r\n                    <ul>\r\n                       <li class=\"pt-post-author\"><i class=\"fa fa-user\"><\/i>admin<\/li>\r\n\r\n                       <li class=\"pt-post-comment\">\r\n                                                              <a href=\"https:\/\/saglamhayat.az\/?p=4407\"><i class=\"fa fa-comments\"><\/i>\r\n                                  0 Comments<\/a>\r\n                        <\/li>\r\n                    <\/ul>\r\n                 <\/div>\r\n\r\n                 <h5 class=\"pt-blog-title\"><a href=\"https:\/\/saglamhayat.az\/?p=4407\">Post-COVID-19 S\u0130NDROMU<\/a><\/h5>\r\n\r\n                 <div class=\"pt-blog-info\">\r\n                    <p>It is a long established fact that a reader will be distracted by the readable content of a page when looking at its layout.<\/p>\n                 <\/div>\r\n\r\n                 <div class=\"pt-btn-container\">\r\n                        <a href=\"https:\/\/saglamhayat.az\/?p=4407\" class=\"pt-button pt-button-flat\" >\r\n                          <div class=\"pt-button-block\">\r\n                            <span class=\"pt-button-text\">\u018ftrafl\u0131<\/span>\r\n                            <i class=\"ion ion-plus-round\"><\/i>\r\n                          <\/div>\r\n                        <\/a>\r\n                    <\/div>\r\n\r\n\r\n              <\/div>\r\n           <\/div>\r\n          <\/div>\r\n\r\n              <div class=\"col-lg-4\">\r\n           <div class=\"pt-blog-post\">\r\n              <div class=\"pt-post-media\">\r\n              <img loading=\"lazy\" decoding=\"async\" width=\"750\" height=\"500\" src=\"https:\/\/saglamhayat.az\/wp-content\/uploads\/2021\/12\/coronavirus_100720_3.jpg\" class=\"attachment-post-thumbnail size-post-thumbnail wp-post-image\" alt=\"\" srcset=\"https:\/\/saglamhayat.az\/wp-content\/uploads\/2021\/12\/coronavirus_100720_3.jpg 750w, https:\/\/saglamhayat.az\/wp-content\/uploads\/2021\/12\/coronavirus_100720_3-300x200.jpg 300w, https:\/\/saglamhayat.az\/wp-content\/uploads\/2021\/12\/coronavirus_100720_3-600x400.jpg 600w\" sizes=\"(max-width: 750px) 100vw, 750px\" \/>\r\n              \r\n                                  <div class=\"pt-post-date\">\r\n                    <a href=\"https:\/\/saglamhayat.az\/?m=20211205\">\r\n                    <span>05 Dekabr 2021<\/span><\/a>\r\n                 <\/div>\r\n                                   <\/div>\r\n\r\n                  <div class=\"pt-blog-contain\">\r\n                 <div class=\"pt-post-meta\">\r\n                    <ul>\r\n                       <li class=\"pt-post-author\"><i class=\"fa fa-user\"><\/i>admin<\/li>\r\n\r\n                       <li class=\"pt-post-comment\">\r\n                                                              <a href=\"https:\/\/saglamhayat.az\/?p=2697\"><i class=\"fa fa-comments\"><\/i>\r\n                                  0 Comments<\/a>\r\n                        <\/li>\r\n                    <\/ul>\r\n                 <\/div>\r\n\r\n                 <h5 class=\"pt-blog-title\"><a href=\"https:\/\/saglamhayat.az\/?p=2697\">COVID-19: ev\u0259 yaz\u0131landan sonra m\u00fc\u015fahid\u0259 \u00fc\u00e7\u00fcn  t\u00f6vsiy\u0259l\u0259r<\/a><\/h5>\r\n\r\n                 <div class=\"pt-blog-info\">\r\n                    <p>It is a long established fact that a reader will be distracted by the readable content of a page when looking at its layout.<\/p>\n                 <\/div>\r\n\r\n                 <div class=\"pt-btn-container\">\r\n                        <a href=\"https:\/\/saglamhayat.az\/?p=2697\" class=\"pt-button pt-button-flat\" >\r\n                          <div class=\"pt-button-block\">\r\n                            <span class=\"pt-button-text\">\u018ftrafl\u0131<\/span>\r\n                            <i class=\"ion ion-plus-round\"><\/i>\r\n                          <\/div>\r\n                        <\/a>\r\n                    <\/div>\r\n\r\n\r\n              <\/div>\r\n           <\/div>\r\n          <\/div>\r\n\r\n              <div class=\"col-lg-4\">\r\n           <div class=\"pt-blog-post\">\r\n              <div class=\"pt-post-media\">\r\n              <img loading=\"lazy\" decoding=\"async\" width=\"975\" height=\"752\" src=\"https:\/\/saglamhayat.az\/wp-content\/uploads\/2021\/12\/Protein_TF_PDB_1a8e.png\" class=\"attachment-post-thumbnail size-post-thumbnail wp-post-image\" alt=\"\" srcset=\"https:\/\/saglamhayat.az\/wp-content\/uploads\/2021\/12\/Protein_TF_PDB_1a8e.png 975w, https:\/\/saglamhayat.az\/wp-content\/uploads\/2021\/12\/Protein_TF_PDB_1a8e-300x231.png 300w, https:\/\/saglamhayat.az\/wp-content\/uploads\/2021\/12\/Protein_TF_PDB_1a8e-768x592.png 768w, https:\/\/saglamhayat.az\/wp-content\/uploads\/2021\/12\/Protein_TF_PDB_1a8e-600x463.png 600w\" sizes=\"(max-width: 975px) 100vw, 975px\" \/>\r\n              \r\n                                  <div class=\"pt-post-date\">\r\n                    <a href=\"https:\/\/saglamhayat.az\/?m=20211205\">\r\n                    <span>05 Dekabr 2021<\/span><\/a>\r\n                 <\/div>\r\n                                   <\/div>\r\n\r\n                  <div class=\"pt-blog-contain\">\r\n                 <div class=\"pt-post-meta\">\r\n                    <ul>\r\n                       <li class=\"pt-post-author\"><i class=\"fa fa-user\"><\/i>admin<\/li>\r\n\r\n                       <li class=\"pt-post-comment\">\r\n                                                              <a href=\"https:\/\/saglamhayat.az\/?p=2695\"><i class=\"fa fa-comments\"><\/i>\r\n                                  0 Comments<\/a>\r\n                        <\/li>\r\n                    <\/ul>\r\n                 <\/div>\r\n\r\n                 <h5 class=\"pt-blog-title\"><a href=\"https:\/\/saglamhayat.az\/?p=2695\">Transferrin<\/a><\/h5>\r\n\r\n                 <div class=\"pt-blog-info\">\r\n                    <p>It is a long established fact that a reader will be distracted by the readable content of a page when looking at its layout.<\/p>\n                 <\/div>\r\n\r\n                 <div class=\"pt-btn-container\">\r\n                        <a href=\"https:\/\/saglamhayat.az\/?p=2695\" class=\"pt-button pt-button-flat\" >\r\n                          <div class=\"pt-button-block\">\r\n                            <span class=\"pt-button-text\">\u018ftrafl\u0131<\/span>\r\n                            <i class=\"ion ion-plus-round\"><\/i>\r\n                          <\/div>\r\n                        <\/a>\r\n                    <\/div>\r\n\r\n\r\n              <\/div>\r\n           <\/div>\r\n          <\/div>\r\n\r\n      <\/div>\r\n<\/div>\t\t\t\t<\/div>\n\t\t\t\t<\/div>\n\t\t\t\t\t<\/div>\n\t\t<\/div>\n\t\t\t\t\t<\/div>\n\t\t<\/div>\n\t\t\t\t\t<\/div>\n\t\t<\/div>\n\t\t\t\t\t<\/div>\n\t\t<\/div>\n\t\t\t\t<\/div>\n\t\t","protected":false},"excerpt":{"rendered":"<p>17 Dekabr 2021 admin 2 Comments Post-COVID-19 S\u0130NDROMU It is a long established fact that a reader will be distracted by the readable content of a page when looking at its layout. \u018ftrafl\u0131 05 Dekabr 2021 admin 1 Comment COVID-19: ev\u0259 yaz\u0131landan sonra m\u00fc\u015fahid\u0259 \u00fc\u00e7\u00fcn t\u00f6vsiy\u0259l\u0259r It is a long established fact that a reader [&hellip;]<\/p>\n","protected":false},"author":1,"featured_media":0,"parent":0,"menu_order":0,"comment_status":"closed","ping_status":"closed","template":"","meta":{"_acf_changed":false,"footnotes":""},"class_list":["post-2235","page","type-page","status-publish","hentry"],"acf":[],"_links":{"self":[{"href":"https:\/\/saglamhayat.az\/index.php?rest_route=\/wp\/v2\/pages\/2235","targetHints":{"allow":["GET"]}}],"collection":[{"href":"https:\/\/saglamhayat.az\/index.php?rest_route=\/wp\/v2\/pages"}],"about":[{"href":"https:\/\/saglamhayat.az\/index.php?rest_route=\/wp\/v2\/types\/page"}],"author":[{"embeddable":true,"href":"https:\/\/saglamhayat.az\/index.php?rest_route=\/wp\/v2\/users\/1"}],"replies":[{"embeddable":true,"href":"https:\/\/saglamhayat.az\/index.php?rest_route=%2Fwp%2Fv2%2Fcomments&post=2235"}],"version-history":[{"count":5,"href":"https:\/\/saglamhayat.az\/index.php?rest_route=\/wp\/v2\/pages\/2235\/revisions"}],"predecessor-version":[{"id":17081,"href":"https:\/\/saglamhayat.az\/index.php?rest_route=\/wp\/v2\/pages\/2235\/revisions\/17081"}],"wp:attachment":[{"href":"https:\/\/saglamhayat.az\/index.php?rest_route=%2Fwp%2Fv2%2Fmedia&parent=2235"}],"curies":[{"name":"wp","href":"https:\/\/api.w.org\/{rel}","templated":true}]}}