{"id":2636,"date":"2021-12-05T06:49:50","date_gmt":"2021-12-05T06:49:50","guid":{"rendered":"https:\/\/medicate.peacefulqode.com\/?page_id=2636"},"modified":"2022-08-12T16:21:12","modified_gmt":"2022-08-12T12:21:12","slug":"haqqimizda","status":"publish","type":"page","link":"https:\/\/saglamhayat.az\/?page_id=2636","title":{"rendered":"Haqq\u0131m\u0131zda"},"content":{"rendered":"\t\t<div data-elementor-type=\"wp-page\" data-elementor-id=\"2636\" class=\"elementor elementor-2636\">\n\t\t\t\t\t\t<div class=\"elementor-section elementor-top-section elementor-element elementor-element-938ac40 elementor-section-stretched elementor-section-boxed elementor-section-height-default elementor-section-height-default\" data-id=\"938ac40\" data-element_type=\"section\" data-e-type=\"section\" data-settings=\"{&quot;stretch_section&quot;:&quot;section-stretched&quot;,&quot;background_background&quot;:&quot;classic&quot;}\">\n\t\t\t\t\t\t\t<div class=\"elementor-background-overlay\"><\/div>\n\t\t\t\t\t\t\t<div class=\"elementor-container elementor-column-gap-default\">\n\t\t\t\t\t<div class=\"elementor-column elementor-col-50 elementor-top-column elementor-element elementor-element-4d3ee66\" data-id=\"4d3ee66\" data-element_type=\"column\" data-e-type=\"column\">\n\t\t\t<div class=\"elementor-widget-wrap elementor-element-populated\">\n\t\t\t\t\t\t<div class=\"elementor-element elementor-element-373ba2f elementor-widget elementor-widget-image\" data-id=\"373ba2f\" data-element_type=\"widget\" data-e-type=\"widget\" data-widget_type=\"image.default\">\n\t\t\t\t<div class=\"elementor-widget-container\">\n\t\t\t\t\t\t\t\t\t\t\t\t\t\t\t<img fetchpriority=\"high\" decoding=\"async\" width=\"602\" height=\"644\" src=\"https:\/\/saglamhayat.az\/wp-content\/uploads\/2022\/08\/cover-111.jpg\" class=\"attachment-full size-full wp-image-17125\" alt=\"\" srcset=\"https:\/\/saglamhayat.az\/wp-content\/uploads\/2022\/08\/cover-111.jpg 602w, https:\/\/saglamhayat.az\/wp-content\/uploads\/2022\/08\/cover-111-280x300.jpg 280w, https:\/\/saglamhayat.az\/wp-content\/uploads\/2022\/08\/cover-111-600x642.jpg 600w\" sizes=\"(max-width: 602px) 100vw, 602px\" \/>\t\t\t\t\t\t\t\t\t\t\t\t\t\t\t<\/div>\n\t\t\t\t<\/div>\n\t\t\t\t\t<\/div>\n\t\t<\/div>\n\t\t\t\t<div class=\"elementor-column elementor-col-50 elementor-top-column elementor-element elementor-element-6ad61eb\" data-id=\"6ad61eb\" data-element_type=\"column\" data-e-type=\"column\">\n\t\t\t<div class=\"elementor-widget-wrap elementor-element-populated\">\n\t\t\t\t\t\t<div class=\"elementor-element elementor-element-81e58c9 elementor-widget elementor-widget-heading\" data-id=\"81e58c9\" data-element_type=\"widget\" data-e-type=\"widget\" data-widget_type=\"heading.default\">\n\t\t\t\t<div class=\"elementor-widget-container\">\n\t\t\t\t\t<h3 class=\"elementor-heading-title elementor-size-default\">Sa\u011flam H\u0259yat Klinikas\u0131 haqq\u0131nda<\/h3>\t\t\t\t<\/div>\n\t\t\t\t<\/div>\n\t\t\t\t<div class=\"elementor-element elementor-element-964c8ae elementor-widget elementor-widget-text-editor\" data-id=\"964c8ae\" data-element_type=\"widget\" data-e-type=\"widget\" data-widget_type=\"text-editor.default\">\n\t\t\t\t<div class=\"elementor-widget-container\">\n\t\t\t\t\t\t\t\t\t<p>Sa\u011flam H\u0259yat Klinikas\u0131 2011-ci ild\u0259 \u00f6lk\u0259mizin ikinci b\u00f6y\u00fck \u015f\u0259h\u0259ri olan G\u0259nc\u0259 \u015f\u0259h\u0259rind\u0259 f\u0259aliyy\u0259t\u0259 ba\u015flam\u0131\u015fd\u0131r. F\u0259aliyy\u0259timizin \u0259sas hiss\u0259sini klinik laborator diaqnostikan\u0131n m\u00fcxt\u0259lif sah\u0259l\u0259ri t\u0259\u015fkil edir.<\/p><p><strong>\u201cSa\u011flam H\u0259yat\u0131n\u0131z \u00fc\u00e7\u00fcn \u00e7al\u0131\u015f\u0131r\u0131q\u201d<\/strong> devizi il\u0259 pasientl\u0259rin\u0259 xidm\u0259t ed\u0259n klinikam\u0131zda bu g\u00fcn\u0259 q\u0259d\u0259r minl\u0259rl\u0259 insan m\u00fcayin\u0259 olunaraq \u015f\u0259fa tapm\u0131\u015f, sa\u011flam h\u0259yatlar\u0131na qovu\u015fmu\u015fdur.<\/p>\t\t\t\t\t\t\t\t<\/div>\n\t\t\t\t<\/div>\n\t\t\t\t<div class=\"elementor-element elementor-element-030c234 elementor-widget elementor-widget-section-title\" data-id=\"030c234\" data-element_type=\"widget\" data-e-type=\"widget\" data-widget_type=\"section-title.default\">\n\t\t\t\t<div class=\"elementor-widget-container\">\n\t\t\t\t\t<div class=\"pt-section pt-style-1 text-left\">\r\n\t\t\r\n   \t\t \r\n   \t\t<span class=\"pt-section-sub-title\">M\u0259qs\u0259dimiz: <\/span>\r\n   \t   \t\t\t\t   <p class=\"pt-section-description\" >Pe\u015f\u0259sind\u0259 t\u0259cr\u00fcb\u0259li tibbi hey\u0259tl\u0259 v\u0259t\u0259nda\u015flar\u0131n s\u0259hiyy\u0259 sektorundan g\u00f6zl\u0259ntil\u0259rinin \u0259ks\u0259riyy\u0259tini qar\u015f\u0131lamaq, daim yenil\u0259n\u0259n beyn\u0259lxalq protokollara uy\u011fun tibbi xidm\u0259t t\u0259qdim ed\u0259r\u0259k pasientl\u0259rimizin birinci se\u00e7imi olmaqd\u0131r.<\/p>\r\n\t\t\r\n<\/div>\t\t\t\t<\/div>\n\t\t\t\t<\/div>\n\t\t\t\t<div class=\"elementor-element elementor-element-f716bb8 elementor-widget elementor-widget-section-title\" data-id=\"f716bb8\" data-element_type=\"widget\" data-e-type=\"widget\" data-widget_type=\"section-title.default\">\n\t\t\t\t<div class=\"elementor-widget-container\">\n\t\t\t\t\t<div class=\"pt-section pt-style-1 text-left\">\r\n\t\t\r\n   \t\t \r\n   \t\t<span class=\"pt-section-sub-title\">H\u0259d\u0259fimiz: <\/span>\r\n   \t   \t\t\t\t   <p class=\"pt-section-description\" >S\u0259hiyy\u0259 sektorunda ged\u0259n s\u00fcr\u0259tli d\u0259yi\u015fiklik prosesini yax\u0131ndan izl\u0259m\u0259k, yenilikl\u0259ri keyfiyy\u0259t standartlar\u0131na uy\u011fun \u015f\u0259kild\u0259 pasientl\u0259rimiz\u0259 t\u0259qdim etm\u0259kdir.<\/p>\r\n\t\t\r\n<\/div>\t\t\t\t<\/div>\n\t\t\t\t<\/div>\n\t\t\t\t\t<\/div>\n\t\t<\/div>\n\t\t\t\t\t<\/div>\n\t\t<\/div>\n\t\t\t\t<div class=\"elementor-section elementor-top-section elementor-element elementor-element-5552784 elementor-section-full_width elementor-section-stretched elementor-section-height-default elementor-section-height-default\" data-id=\"5552784\" data-element_type=\"section\" data-e-type=\"section\" data-settings=\"{&quot;stretch_section&quot;:&quot;section-stretched&quot;,&quot;background_background&quot;:&quot;classic&quot;}\">\n\t\t\t\t\t\t\t<div class=\"elementor-background-overlay\"><\/div>\n\t\t\t\t\t\t\t<div class=\"elementor-container elementor-column-gap-default\">\n\t\t\t\t\t<div class=\"elementor-column elementor-col-100 elementor-top-column elementor-element elementor-element-4fa4f3d\" data-id=\"4fa4f3d\" data-element_type=\"column\" data-e-type=\"column\">\n\t\t\t<div class=\"elementor-widget-wrap elementor-element-populated\">\n\t\t\t\t\t\t<div class=\"elementor-section elementor-inner-section elementor-element elementor-element-e2ca8df elementor-section-boxed elementor-section-height-default elementor-section-height-default\" data-id=\"e2ca8df\" data-element_type=\"section\" data-e-type=\"section\">\n\t\t\t\t\t\t<div class=\"elementor-container elementor-column-gap-default\">\n\t\t\t\t\t<div class=\"elementor-column elementor-col-100 elementor-inner-column elementor-element elementor-element-51ed0df\" data-id=\"51ed0df\" data-element_type=\"column\" data-e-type=\"column\">\n\t\t\t<div class=\"elementor-widget-wrap elementor-element-populated\">\n\t\t\t\t\t\t<div class=\"elementor-element elementor-element-5a7535d elementor-widget elementor-widget-section-title\" data-id=\"5a7535d\" data-element_type=\"widget\" data-e-type=\"widget\" data-widget_type=\"section-title.default\">\n\t\t\t\t<div class=\"elementor-widget-container\">\n\t\t\t\t\t<div class=\"pt-section pt-style-1 text-center\">\r\n\t\t\r\n   \t\t   \t\t\t   <h5 class=\"pt-section-title\" >B\u00f6lm\u0259l\u0259r<\/h5>\r\n\t\t\t\r\n<\/div>\t\t\t\t<\/div>\n\t\t\t\t<\/div>\n\t\t\t\t\t<\/div>\n\t\t<\/div>\n\t\t\t\t\t<\/div>\n\t\t<\/div>\n\t\t\t\t<div class=\"elementor-section elementor-inner-section elementor-element elementor-element-0af9ee0 elementor-section-boxed elementor-section-height-default elementor-section-height-default\" data-id=\"0af9ee0\" data-element_type=\"section\" data-e-type=\"section\">\n\t\t\t\t\t\t<div class=\"elementor-container elementor-column-gap-default\">\n\t\t\t\t\t<div class=\"elementor-column elementor-col-50 elementor-inner-column elementor-element elementor-element-391e14d\" data-id=\"391e14d\" data-element_type=\"column\" data-e-type=\"column\">\n\t\t\t<div class=\"elementor-widget-wrap elementor-element-populated\">\n\t\t\t\t\t\t<div class=\"elementor-element elementor-element-d2e44af elementor-widget elementor-widget-fancybox\" data-id=\"d2e44af\" data-element_type=\"widget\" data-e-type=\"widget\" data-widget_type=\"fancybox.default\">\n\t\t\t\t<div class=\"elementor-widget-container\">\n\t\t\t\t\t\r\n<div class=\"pt-fancy-box pt-style-3\">\r\n  <div class=\"pt-fancy-box-hoverbg\">\r\n    <img decoding=\"async\" src=\"https:\/\/medicate.peacefulqode.com\/wp-content\/uploads\/2022\/02\/1.jpg\" alt=\"\">\r\n  <\/div>\r\n  <div class=\"pt-fancy-box-icon\">\r\n    <i class=\" flaticon-heartbeat\"><\/i>\r\n  <\/div>\r\n            <div class=\"pt-fancy-box-info left\">\r\n          <h5 class=\"pt-fancy-box-title\">Tibbi biokimya<\/h5>                \r\n        <div class=\"pt-btn-container\">\r\n         <a class=\"pt-button pt-button-link\" >\r\n            <div class=\"pt-button-block\">\r\n               <span class=\"pt-button-text\">\u018ftrafl\u0131<\/span>\r\n               <i class=\"ion ion-plus-round\"><\/i>\r\n            <\/div>\r\n         <\/a>\r\n        <\/div>\r\n    <\/div>\r\n<\/div>\r\n\r\n\t\t\t\t<\/div>\n\t\t\t\t<\/div>\n\t\t\t\t\t<\/div>\n\t\t<\/div>\n\t\t\t\t<div class=\"elementor-column elementor-col-50 elementor-inner-column elementor-element elementor-element-62a5f20\" data-id=\"62a5f20\" data-element_type=\"column\" data-e-type=\"column\">\n\t\t\t<div class=\"elementor-widget-wrap elementor-element-populated\">\n\t\t\t\t\t\t<div class=\"elementor-element elementor-element-31a2ecb elementor-widget elementor-widget-fancybox\" data-id=\"31a2ecb\" data-element_type=\"widget\" data-e-type=\"widget\" data-widget_type=\"fancybox.default\">\n\t\t\t\t<div class=\"elementor-widget-container\">\n\t\t\t\t\t\r\n<div class=\"pt-fancy-box pt-style-3\">\r\n  <div class=\"pt-fancy-box-hoverbg\">\r\n    <img decoding=\"async\" src=\"https:\/\/medicate.peacefulqode.com\/wp-content\/uploads\/2022\/02\/2.jpg\" alt=\"\">\r\n  <\/div>\r\n  <div class=\"pt-fancy-box-icon\">\r\n    <i class=\" flaticon-first-aid-box\"><\/i>\r\n  <\/div>\r\n            <div class=\"pt-fancy-box-info left\">\r\n          <h5 class=\"pt-fancy-box-title\">\u0130mmunologiya<\/h5>                \r\n        <div class=\"pt-btn-container\">\r\n         <a class=\"pt-button pt-button-link\" >\r\n            <div class=\"pt-button-block\">\r\n               <span class=\"pt-button-text\">\u018ftrafl\u0131<\/span>\r\n               <i class=\"ion ion-plus-round\"><\/i>\r\n            <\/div>\r\n         <\/a>\r\n        <\/div>\r\n    <\/div>\r\n<\/div>\r\n\r\n\t\t\t\t<\/div>\n\t\t\t\t<\/div>\n\t\t\t\t\t<\/div>\n\t\t<\/div>\n\t\t\t\t\t<\/div>\n\t\t<\/div>\n\t\t\t\t<div class=\"elementor-section elementor-inner-section elementor-element elementor-element-814f994 elementor-section-boxed elementor-section-height-default elementor-section-height-default\" data-id=\"814f994\" data-element_type=\"section\" data-e-type=\"section\">\n\t\t\t\t\t\t<div class=\"elementor-container elementor-column-gap-default\">\n\t\t\t\t\t<div class=\"elementor-column elementor-col-50 elementor-inner-column elementor-element elementor-element-3b9e6f2\" data-id=\"3b9e6f2\" data-element_type=\"column\" data-e-type=\"column\">\n\t\t\t<div class=\"elementor-widget-wrap elementor-element-populated\">\n\t\t\t\t\t\t<div class=\"elementor-element elementor-element-5a2e3f0 elementor-widget elementor-widget-fancybox\" data-id=\"5a2e3f0\" data-element_type=\"widget\" data-e-type=\"widget\" data-widget_type=\"fancybox.default\">\n\t\t\t\t<div class=\"elementor-widget-container\">\n\t\t\t\t\t\r\n<div class=\"pt-fancy-box pt-style-3\">\r\n  <div class=\"pt-fancy-box-hoverbg\">\r\n    <img decoding=\"async\" src=\"https:\/\/medicate.peacefulqode.com\/wp-content\/uploads\/2022\/02\/2.jpg\" alt=\"\">\r\n  <\/div>\r\n  <div class=\"pt-fancy-box-icon\">\r\n    <i class=\" flaticon-x-ray-1\"><\/i>\r\n  <\/div>\r\n            <div class=\"pt-fancy-box-info left\">\r\n          <h5 class=\"pt-fancy-box-title\">Tibbi mikrobiologiya<\/h5>                \r\n        <div class=\"pt-btn-container\">\r\n         <a class=\"pt-button pt-button-link\" >\r\n            <div class=\"pt-button-block\">\r\n               <span class=\"pt-button-text\">\u018ftrafl\u0131<\/span>\r\n               <i class=\"ion ion-plus-round\"><\/i>\r\n            <\/div>\r\n         <\/a>\r\n        <\/div>\r\n    <\/div>\r\n<\/div>\r\n\r\n\t\t\t\t<\/div>\n\t\t\t\t<\/div>\n\t\t\t\t\t<\/div>\n\t\t<\/div>\n\t\t\t\t<div class=\"elementor-column elementor-col-50 elementor-inner-column elementor-element elementor-element-7a7e0e3\" data-id=\"7a7e0e3\" data-element_type=\"column\" data-e-type=\"column\">\n\t\t\t<div class=\"elementor-widget-wrap elementor-element-populated\">\n\t\t\t\t\t\t<div class=\"elementor-element elementor-element-40a0aa2 elementor-widget-tablet__width-initial elementor-widget-mobile__width-inherit elementor-widget elementor-widget-fancybox\" data-id=\"40a0aa2\" data-element_type=\"widget\" data-e-type=\"widget\" data-widget_type=\"fancybox.default\">\n\t\t\t\t<div class=\"elementor-widget-container\">\n\t\t\t\t\t\r\n<div class=\"pt-fancy-box pt-style-3\">\r\n  <div class=\"pt-fancy-box-hoverbg\">\r\n    <img decoding=\"async\" src=\"https:\/\/medicate.peacefulqode.com\/wp-content\/uploads\/2022\/02\/3.jpg\" alt=\"\">\r\n  <\/div>\r\n  <div class=\"pt-fancy-box-icon\">\r\n    <i class=\" flaticon-healthcare\"><\/i>\r\n  <\/div>\r\n            <div class=\"pt-fancy-box-info left\">\r\n          <h5 class=\"pt-fancy-box-title\">Hematologiya<\/h5>                \r\n        <div class=\"pt-btn-container\">\r\n         <a class=\"pt-button pt-button-link\" >\r\n            <div class=\"pt-button-block\">\r\n               <span class=\"pt-button-text\">\u018ftrafl\u0131<\/span>\r\n               <i class=\"ion ion-plus-round\"><\/i>\r\n            <\/div>\r\n         <\/a>\r\n        <\/div>\r\n    <\/div>\r\n<\/div>\r\n\r\n\t\t\t\t<\/div>\n\t\t\t\t<\/div>\n\t\t\t\t\t<\/div>\n\t\t<\/div>\n\t\t\t\t\t<\/div>\n\t\t<\/div>\n\t\t\t\t\t<\/div>\n\t\t<\/div>\n\t\t\t\t\t<\/div>\n\t\t<\/div>\n\t\t\t\t<\/div>\n\t\t","protected":false},"excerpt":{"rendered":"<p>Sa\u011flam H\u0259yat Klinikas\u0131 haqq\u0131nda Sa\u011flam H\u0259yat Klinikas\u0131 2011-ci ild\u0259 \u00f6lk\u0259mizin ikinci b\u00f6y\u00fck \u015f\u0259h\u0259ri olan G\u0259nc\u0259 \u015f\u0259h\u0259rind\u0259 f\u0259aliyy\u0259t\u0259 ba\u015flam\u0131\u015fd\u0131r. F\u0259aliyy\u0259timizin \u0259sas hiss\u0259sini klinik laborator diaqnostikan\u0131n m\u00fcxt\u0259lif sah\u0259l\u0259ri t\u0259\u015fkil edir. \u201cSa\u011flam H\u0259yat\u0131n\u0131z \u00fc\u00e7\u00fcn \u00e7al\u0131\u015f\u0131r\u0131q\u201d devizi il\u0259 pasientl\u0259rin\u0259 xidm\u0259t ed\u0259n klinikam\u0131zda bu g\u00fcn\u0259 q\u0259d\u0259r minl\u0259rl\u0259 insan m\u00fcayin\u0259 olunaraq \u015f\u0259fa tapm\u0131\u015f, sa\u011flam h\u0259yatlar\u0131na qovu\u015fmu\u015fdur. M\u0259qs\u0259dimiz: Pe\u015f\u0259sind\u0259 t\u0259cr\u00fcb\u0259li tibbi hey\u0259tl\u0259 [&hellip;]<\/p>\n","protected":false},"author":1,"featured_media":0,"parent":0,"menu_order":0,"comment_status":"closed","ping_status":"closed","template":"","meta":{"_acf_changed":false,"footnotes":""},"class_list":["post-2636","page","type-page","status-publish","hentry"],"acf":[],"_links":{"self":[{"href":"https:\/\/saglamhayat.az\/index.php?rest_route=\/wp\/v2\/pages\/2636","targetHints":{"allow":["GET"]}}],"collection":[{"href":"https:\/\/saglamhayat.az\/index.php?rest_route=\/wp\/v2\/pages"}],"about":[{"href":"https:\/\/saglamhayat.az\/index.php?rest_route=\/wp\/v2\/types\/page"}],"author":[{"embeddable":true,"href":"https:\/\/saglamhayat.az\/index.php?rest_route=\/wp\/v2\/users\/1"}],"replies":[{"embeddable":true,"href":"https:\/\/saglamhayat.az\/index.php?rest_route=%2Fwp%2Fv2%2Fcomments&post=2636"}],"version-history":[{"count":32,"href":"https:\/\/saglamhayat.az\/index.php?rest_route=\/wp\/v2\/pages\/2636\/revisions"}],"predecessor-version":[{"id":17187,"href":"https:\/\/saglamhayat.az\/index.php?rest_route=\/wp\/v2\/pages\/2636\/revisions\/17187"}],"wp:attachment":[{"href":"https:\/\/saglamhayat.az\/index.php?rest_route=%2Fwp%2Fv2%2Fmedia&parent=2636"}],"curies":[{"name":"wp","href":"https:\/\/api.w.org\/{rel}","templated":true}]}}