{"id":3482,"date":"2021-12-09T06:08:03","date_gmt":"2021-12-09T06:08:03","guid":{"rendered":"https:\/\/medicate.peacefulqode.com\/?page_id=3482"},"modified":"2022-07-20T19:07:28","modified_gmt":"2022-07-20T15:07:28","slug":"tibbi-mikrobiologiya","status":"publish","type":"page","link":"https:\/\/saglamhayat.az\/?page_id=3482","title":{"rendered":"Tibbi mikrobiologiya"},"content":{"rendered":"\t\t<div data-elementor-type=\"wp-page\" data-elementor-id=\"3482\" class=\"elementor elementor-3482\">\n\t\t\t\t\t\t<div class=\"elementor-section elementor-top-section elementor-element elementor-element-8fa24df elementor-section-stretched elementor-section-boxed elementor-section-height-default elementor-section-height-default\" data-id=\"8fa24df\" data-element_type=\"section\" data-e-type=\"section\" data-settings=\"{&quot;stretch_section&quot;:&quot;section-stretched&quot;}\">\n\t\t\t\t\t\t<div class=\"elementor-container elementor-column-gap-default\">\n\t\t\t\t\t<div class=\"elementor-column elementor-col-33 elementor-top-column elementor-element elementor-element-2efa546\" data-id=\"2efa546\" data-element_type=\"column\" data-e-type=\"column\">\n\t\t\t<div class=\"elementor-widget-wrap elementor-element-populated\">\n\t\t\t\t\t\t<div class=\"elementor-element elementor-element-3728892 elementor-widget elementor-widget-sidebar\" data-id=\"3728892\" data-element_type=\"widget\" data-e-type=\"widget\" data-widget_type=\"sidebar.default\">\n\t\t\t\t<div class=\"elementor-widget-container\">\n\t\t\t\t\t<div class=\"widget widget-port\"><div class=\"menu-service-menu-container\"><ul id=\"menu-service-menu\" class=\"menu\"><li id=\"menu-item-3759\" class=\"menu-item menu-item-type-post_type menu-item-object-page menu-item-3759\"><a href=\"https:\/\/saglamhayat.az\/?page_id=3518\">Tibbi biokimya<\/a><\/li>\n<li id=\"menu-item-3761\" class=\"menu-item menu-item-type-post_type menu-item-object-page menu-item-3761\"><a href=\"https:\/\/saglamhayat.az\/?page_id=3494\">\u0130mmunologiya<\/a><\/li>\n<li id=\"menu-item-3762\" class=\"menu-item menu-item-type-post_type menu-item-object-page menu-item-3762\"><a href=\"https:\/\/saglamhayat.az\/?page_id=3490\">Hematologiya<\/a><\/li>\n<li id=\"menu-item-3763\" class=\"menu-item menu-item-type-post_type menu-item-object-page menu-item-3763\"><a href=\"https:\/\/saglamhayat.az\/?page_id=3482\">Tibbi mikrobiologiya<\/a><\/li>\n<\/ul><\/div><\/div>\t\t\t\t<\/div>\n\t\t\t\t<\/div>\n\t\t\t\t\t<\/div>\n\t\t<\/div>\n\t\t\t\t<div class=\"elementor-column elementor-col-66 elementor-top-column elementor-element elementor-element-edbb6fe\" data-id=\"edbb6fe\" data-element_type=\"column\" data-e-type=\"column\">\n\t\t\t<div class=\"elementor-widget-wrap elementor-element-populated\">\n\t\t\t\t\t\t<div class=\"elementor-element elementor-element-065935b elementor-widget elementor-widget-image\" data-id=\"065935b\" data-element_type=\"widget\" data-e-type=\"widget\" data-widget_type=\"image.default\">\n\t\t\t\t<div class=\"elementor-widget-container\">\n\t\t\t\t\t\t\t\t\t\t\t\t\t\t\t<img fetchpriority=\"high\" decoding=\"async\" width=\"1024\" height=\"683\" src=\"https:\/\/saglamhayat.az\/wp-content\/uploads\/2022\/07\/microbiome-research-in-microbiology-laboratory-QFF73UC-1-1024x683-1.jpeg\" class=\"attachment-full size-full wp-image-16873\" alt=\"\" srcset=\"https:\/\/saglamhayat.az\/wp-content\/uploads\/2022\/07\/microbiome-research-in-microbiology-laboratory-QFF73UC-1-1024x683-1.jpeg 1024w, https:\/\/saglamhayat.az\/wp-content\/uploads\/2022\/07\/microbiome-research-in-microbiology-laboratory-QFF73UC-1-1024x683-1-300x200.jpeg 300w, https:\/\/saglamhayat.az\/wp-content\/uploads\/2022\/07\/microbiome-research-in-microbiology-laboratory-QFF73UC-1-1024x683-1-768x512.jpeg 768w, https:\/\/saglamhayat.az\/wp-content\/uploads\/2022\/07\/microbiome-research-in-microbiology-laboratory-QFF73UC-1-1024x683-1-600x400.jpeg 600w\" sizes=\"(max-width: 1024px) 100vw, 1024px\" \/>\t\t\t\t\t\t\t\t\t\t\t\t\t\t\t<\/div>\n\t\t\t\t<\/div>\n\t\t\t\t<div class=\"elementor-element elementor-element-7b35212 elementor-widget elementor-widget-heading\" data-id=\"7b35212\" data-element_type=\"widget\" data-e-type=\"widget\" data-widget_type=\"heading.default\">\n\t\t\t\t<div class=\"elementor-widget-container\">\n\t\t\t\t\t<h4 class=\"elementor-heading-title elementor-size-default\">Tibbi mikrobiologiya<\/h4>\t\t\t\t<\/div>\n\t\t\t\t<\/div>\n\t\t\t\t<div class=\"elementor-element elementor-element-2cd3f2a elementor-widget elementor-widget-text-editor\" data-id=\"2cd3f2a\" data-element_type=\"widget\" data-e-type=\"widget\" data-widget_type=\"text-editor.default\">\n\t\t\t\t<div class=\"elementor-widget-container\">\n\t\t\t\t\t\t\t\t\t<p>Klinik-mikrobioloji laboratoriyalarda infeksion x\u0259st\u0259likl\u0259rin diaqnozunun m\u00fc\u0259yy\u0259nl\u0259\u015fdirilm\u0259sind\u0259, m\u00fca\u00adlic\u0259 v\u0259 profilaktika prinsipl\u0259rinin haz\u0131rlanmas\u0131nda m\u00fch\u00fcm i\u015fl\u0259r apar\u0131l\u0131r. \u0130nfeksion x\u0259st\u0259\u00adlikl\u0259rin diaqnozunun yanl\u0131\u015f v\u0259 ya gec t\u0259yin edilm\u0259si x\u0259st\u0259nin m\u00fcalic\u0259sinin yanl\u0131\u015f apar\u0131lmas\u0131 v\u0259 ya gecikm\u0259si il\u0259 n\u0259tic\u0259l\u0259nir. H\u0259m\u00e7inin diaqnozu vaxt\u0131nda m\u00fc\u0259yy\u0259n edilm\u0259y\u0259n x\u0259st\u0259 bilm\u0259d\u0259n \u0259traf\u0131ndak\u0131 \u015f\u0259xsl\u0259rl\u0259 t\u0259masda oldu\u011fundan onlar\u0131 yoluxdura bil\u0259r. Bu bax\u0131mdan son d\u0259r\u0259c\u0259 t\u0259hl\u00fck\u0259li n\u0259tic\u0259l\u0259r ba\u015f ver\u0259 bil\u0259r.<\/p><p>Mikrobioloji laboratoriyalar\u0131n \u0259sas h\u0259d\u0259fi x\u0259st\u0259liy\u0259 s\u0259b\u0259b olan mik\u00adroor\u00adqa\u00adnizml\u0259ri a\u015fkar etm\u0259k v\u0259 laz\u0131m olduqda antimikrob madd\u0259l\u0259r\u0259 qar\u015f\u0131 h\u0259ssasl\u0131qlar\u0131n\u0131 t\u0259\u00adyin ed\u0259r\u0259k klinisist\u0259 infeksion x\u0259st\u0259likl\u0259rin diaqnozu v\u0259 m\u00fcalic\u0259sind\u0259 yard\u0131m et\u00adm\u0259kdir. Bu v\u0259zif\u0259nin laz\u0131mi \u015f\u0259kild\u0259 yerin\u0259 yetirilm\u0259si \u00fc\u00e7\u00fcn klinisistl\u0259r v\u0259 labo\u00adratoriya aras\u0131nda m\u00f6hk\u0259m i\u015f birliyinin qurulmas\u0131 vacibdir.<\/p><p>Klinik mikrobioloji laboratoriyalar\u0131n \u00f6z v\u0259zif\u0259sini m\u00fcv\u0259ff\u0259qiyy\u0259tl\u0259 yerin\u0259 yetirm\u0259si \u00fc\u00e7\u00fcn laboratoriyaya g\u00f6nd\u0259ril\u0259n klinik material\u0131n kifay\u0259t q\u0259d\u0259r olmas\u0131, d\u00fczg\u00fcn yerd\u0259 v\u0259 vaxt\u0131nda al\u0131nmas\u0131 v\u0259 m\u00fcvafiq \u015f\u0259raitd\u0259 laboratoriyaya g\u00f6nd\u0259ril\u00adm\u0259si laz\u0131md\u0131r. Klinisist t\u0259r\u0259find\u0259n veril\u0259n d\u00fczg\u00fcn v\u0259 dol\u011fun m\u0259lumat laboratori\u00adya\u00adda x\u0259st\u0259nin diaqnozunun m\u00fc\u0259yy\u0259nl\u0259\u015fdirilm\u0259si v\u0259 n\u0259tic\u0259d\u0259 m\u00fcalic\u0259nin m\u00fcv\u0259ff\u0259\u00adqiyy\u0259tli olmas\u0131na s\u0259b\u0259b ola bil\u0259r.<\/p><h3><strong>SEROLOJ\u0130 TESTL\u018fR<\/strong><\/h3><p><span style=\"color: #000000;\"><strong>Antigen-anticism reaksiyalar\u0131<\/strong><\/span><\/p><p>Antigen-anticisim reaksiyas\u0131s\u0131n\u0131n ba\u015f verm\u0259sinin a\u015fkarlanmas\u0131 antigen-anticisim kompleksl\u0259rinin birba\u015fa v\u0259 dolay\u0131 \u00fcsullarla t\u0259yinin\u0259 \u0259saslan\u0131r.<\/p><p><span style=\"color: #000000;\"><strong>Aql\u00fctinasiya testl\u0259ri<\/strong><\/span><\/p><p>Antigen-anticisim reaksiyas\u0131 aql\u00fctinasiya (topala\u015fma) \u015f\u0259klind\u0259 a\u015fkarlan\u0131r. \u018fg\u0259r antigen kimi eritrosit istifad\u0259 olunursa, \u00fcsul \u201chemaql\u00fctinasiya\u201d adland\u0131r\u0131l\u0131r. \u0130nci Laboratoriyalar\u0131nda k\u0259miyy\u0259tc\u0259 v\u0259 keyfiyy\u0259tc\u0259 apar\u0131lan aql\u00fctinasiya\/hemaql\u00fctinasiya testl\u0259ri t\u0259tbiq olunur. Bu m\u0259qs\u0259dl\u0259 EBV \u00fc\u00e7\u00fcn Heterofil anticisim, Salmonella \u00fc\u00e7\u00fcn Gruber Widal, Brucella \u00fc\u00e7\u00fcn Wright v\u0259 \u201cimmune capture\u201d kimi aql\u00fctinasiya testl\u0259ri, Echinococcus ve Trepanoma pallidum \u00fc\u00e7\u00fcn d\u0259 hemaql\u00fctinasiya testl\u0259rind\u0259n istifad\u0259 olunur.<\/p><p><span style=\"color: #000000;\"><strong>\u0130mmunoxromotoqrafiya testl\u0259ri<\/strong><\/span><\/p><p>X\u0259st\u0259 n\u00fcmun\u0259l\u0259rind\u0259 infeksiya t\u00f6r\u0259dicisin\u0259 qar\u015f\u0131 antigen v\u0259 ya anticisiml\u0259rin ara\u015fd\u0131r\u0131lmas\u0131na \u0259saslanan s\u00fcr\u0259tli testl\u0259rdir. Bu testl\u0259r\u0259 misal olaraq, Streptococcus (Group A) S\u00fcr\u0259tli Test, Streptococcus pneumoniae Antigeni, Legionella pneumophila Antigeni, Helicobacter pylori Antigeni (HpSA), E.coli O157:H7 Antigeni, Clostridium difficile Toksin A + B, Cryptosporidium Antigeni, Respiratory Syncytial Virus Antigeni, Norovirus Antigeni, Rotavirus Antigeni veril\u0259 bil\u0259r.<\/p><p><span style=\"color: #000000;\"><strong>\u0130mmunoferment (\u0130FA) analiz<\/strong><\/span><\/p><p>\u0130nci Laboratoriyalar\u0131n\u0131n serologiya b\u00f6lm\u0259sind\u0259 virus, bakteriya, parazit v\u0259 g\u00f6b\u0259l\u0259kl\u0259rin seroloji testl\u0259ri geni\u015f spektrlidir. Mikroorqanizml\u0259rin IgG, IgM, IgA v\u0259 total anticisim s\u0259viyy\u0259l\u0259ri, IgG avidlik testl\u0259ri v\u0259 anticisim spesifik indeksl\u0259rinin (AS\u0130) m\u00fcxt\u0259lif \u00fcsullar\u0131 il\u0259 (ELISA, LIA, ELFA, ECLIA, Western blot v\u0259 s.) m\u00fc\u0259yy\u0259nl\u0259\u015fdirilir. Enzyme Linked Immunosorbent Assay\u00a0 (ELISA) immunokompleksl\u0259r il\u0259 \u0259laq\u0259dar olaraq ferment substrat\u0131 istifad\u0259 etm\u0259kl\u0259 r\u0259ngl\u0259nm\u0259nin \u00f6l\u00e7\u00fclm\u0259sin\u0259 \u0259saslan\u0131r.<\/p><p>Ferment antigen\u0259 v\u0259 ya anticisim\u0259 ba\u011flanm\u0131\u015f olur. ELISA testl\u0259ri; mikro-ELISA \u00fcsullar\u0131 il\u0259 t\u0259tbiq olunur. Spesifik x\u0259st\u0259likl\u0259rd\u0259; TORCH infeksiyalar\u0131 (Toxoplasmosis, Rubella, Cytomegalovirus, Herpes simplex virusu), Hepatit (A, B, C, D v\u0259 E) infeksiyalar\u0131, sifilis, infeksion mononukleoz, Q\u0130\u00c7S (HIV), borelyoz (qay\u0131dan yatalaq), bruselloz, xlamidiya v\u0259 s. infeksiyalar\u0131n testl\u0259rinin\u00a0 x\u00fcsusi panell\u0259ri ara\u015fd\u0131r\u0131l\u0131r.<\/p><p>Autoanticisiml\u0259r, orqanizmin immun sisteminin \u00f6z h\u00fcceyr\u0259l\u0259rin\u0259 qar\u015f\u0131 \u0259m\u0259l\u0259 g\u0259tirdiyi anticisiml\u0259rdir. X\u0259st\u0259d\u0259 \u0259m\u0259l\u0259 g\u0259l\u0259n simptomlar t\u0259sir\u0259 m\u0259ruz qalan h\u00fcceyr\u0259nin x\u00fcsusiyy\u0259tl\u0259rin\u0259 g\u00f6r\u0259 d\u0259yi\u015fir. \u00dcmumi v\u0259 ya orqana xas simptomlar ola bil\u0259r.<\/p><p>Autoanticisiml\u0259rin identifikasiyas\u0131 \u00fc\u00e7\u00fcn Dolay\u0131 \u0130mmunofl\u00fcoressensiya, ELISA, BLOT \u00fcsullar\u0131 istifad\u0259 olunur. Bu testl\u0259r sad\u0259c\u0259 avtomatla\u015fd\u0131r\u0131lm\u0131\u015f sisteml\u0259rd\u0259 t\u0259tbiq olunur. Dolay\u0131 \u0130mmunofl\u00fcoressensiya testl\u0259rinin mikroskopik qiym\u0259tl\u0259ndirilm\u0259si iki f\u0259rqli m\u00fct\u0259x\u0259ssis t\u0259r\u0259find\u0259n apar\u0131l\u0131r. \u015e\u00fcbh\u0259li hallarda is\u0259 n\u0259tic\u0259l\u0259r dig\u0259r m\u00fcxt\u0259lif \u00fcsullarla t\u0259sdiql\u0259nir. Laboratoriyam\u0131zda t\u0259tbiq olunan testl\u0259r:<\/p><p><span style=\"color: #000000;\"><strong>Avidlik testl\u0259ri<\/strong>:<\/span> Rubella,Toxoplasma, Cytomegalovirus (CMV), Varicella Zoster Virus (VZV)<\/p><p><span style=\"color: #000000;\"><strong>Anticisim spesifik indeks (ASI) testl\u0259ri<\/strong>:<\/span> Borrelia burgdorferi, CMV, Herpes Simplex Virus (HSV), Rubeola, Rubella, Mumps (Parotit)<\/p><p><span style=\"color: #000000;\"><strong>Anticisim testl\u0259ri:<\/strong><\/span>\u00a0Hepatit viruslar\u0131 (A, B, C, D, E) (EIA v\u0259 ELISA), Epstein Barr Virus (EBV) paneli (ELISA ve \u0130mmunblot), Treponema pallidum-Sifilis (Aql\u00fctinasiya, Dolay\u0131 \u0130mmunofl\u00fcoressensiya), Chlamydia (Dolay\u0131 \u0130mmunofl\u00fcoressensiya), Herpes virus tipi 1,2,6 (ELISA), HIV anticisimi +p 24 antigeni\u00a0 (EIA v\u0259 ELFA), Influenza A\/B, Parvovirus B19, Borrelia (ELISA v\u0259 \u0130mmunblot), Bartonella henselae\/quintana, Brucella, Legionella pneumophila, Leptospira, Helicobacter pylori, Rubeola, Rubella, Varicella zoster virusu, Cytomegalovirus, Chlamydia trachomatis, Chlamydia pneumonia, Chlamydia psittaci, Campylobacter jejuni, Coxiella, Dengue virus, Diphteria, Echinococcus Dolay\u0131 \u0130mmunofl\u00fcoressensiya, Enterovirus, Haemophilus influenzae tip B, Hantavirus, Mumps (Parotit), Mycoplasma pneumonia, Neisseria gonorrhoeae\/meningitidis, Parainfluenzae, Tetanus, Tularemiya, Histoplasma, Saccharomyces cerevisiae, Entamoeba histolytica, Schistosoma, Leishmania, Toxoplasma, Toxocara canis, Fasciola hepatica, Filariasis, Trypanosoma, West Nile virus, Yersinia.<\/p><p>Laboratoriyam\u0131zda t\u0259tbiq olunan\u00a0<span style=\"color: #000000;\"><strong>autoanticisim testl\u0259ri<\/strong><\/span>\u00a0geni\u015f spektrlidir.\u00a0<span style=\"color: #000000;\"><strong>Dolay\u0131 \u0130mmunofl\u00fcoressensiya \u00fcsulu il\u0259 apar\u0131lan testl\u0259r<\/strong>:<\/span> ANA, dsDNA, ANCA, GBM, Islet, EMA IgA \/ IgG, ASMA, LKM, AMA, APA, \u0130ntrinsik anticisim<\/p><p><span style=\"color: #000000;\"><strong>ELISA \u00fcsulu il\u0259 apar\u0131lan testl\u0259r:\u00a0<\/strong><\/span>dsDNA, ANCA (pr3, mpo), Gliadin IgA\/IgG, Toxuma transqlutaminaza IgA\/IgG, Kardiolipin IgM\/IgG, Fosfolipid IgM\/IgG, Fosfotidilserin IgM\/IgG, Beta 2 qlikoprotein IgM\/ IgG , GAD, TRAK, CCP<\/p><p><span style=\"color: #000000;\"><strong>BLOT\u00a0<\/strong><strong>\u00fcsulu ile apar\u0131lan testl\u0259r<\/strong>:<\/span> ENA profili (Sm, RNP, SSA, SSB, Scl70, Jo1, Pmscl, centromer, histon, nucloesome)<\/p><p><span style=\"color: #000000;\"><strong>Antigen testl\u0259ri<\/strong>:<\/span> Hepatitis Delta Antigeni, Candida albicans Antigeni (Beta-Glukan), Aspergillus Antigeni (Galaktomannan), Histoplasma, Cryptococcus neoformans, Entamoeba histolytica, Giardia, Helicobacter pylori, Campylobacter, \u0130nfluenza A v\u0259 B, Legionella pneumophila, Streptococcus pneumoniae, Norovirus, Rotavirus, Adenovirus, RSV, Chlamydia trachomatis, Cytomegalovirus pp65.<\/p><p><span style=\"color: #000000;\"><strong>Kultivasiya v\u0259 Antibiotikl\u0259r\u0259 H\u0259ssasl\u0131q Testl\u0259ri<\/strong><\/span><\/p><p>Bakteriyalar\u0131n identifikasiyas\u0131 v\u0259 antibiotik h\u0259ssasl\u0131q testl\u0259ri \u00fc\u00e7\u00fcn tam avtomatla\u015fd\u0131r\u0131lm\u0131\u015f sistem olan Vitek-2 (Biomeriux, Fransa) isitifad\u0259 olunur. Antibiotik\u00a0 h\u0259ssasl\u0131q testl\u0259ri EUCAST (The European Committee on Antimicrobial Susceptibility Testing) standartlar\u0131na g\u00f6r\u0259 t\u0259tbiq olunur v\u0259 n\u0259tic\u0259l\u0259r MIC (minimum inhibitory concentration) d\u0259y\u0259rl\u0259ri il\u0259 birlikt\u0259 verilir.<\/p>\t\t\t\t\t\t\t\t<\/div>\n\t\t\t\t<\/div>\n\t\t\t\t\t<\/div>\n\t\t<\/div>\n\t\t\t\t\t<\/div>\n\t\t<\/div>\n\t\t\t\t<\/div>\n\t\t","protected":false},"excerpt":{"rendered":"<p>Tibbi mikrobiologiya Klinik-mikrobioloji laboratoriyalarda infeksion x\u0259st\u0259likl\u0259rin diaqnozunun m\u00fc\u0259yy\u0259nl\u0259\u015fdirilm\u0259sind\u0259, m\u00fca\u00adlic\u0259 v\u0259 profilaktika prinsipl\u0259rinin haz\u0131rlanmas\u0131nda m\u00fch\u00fcm i\u015fl\u0259r apar\u0131l\u0131r. \u0130nfeksion x\u0259st\u0259\u00adlikl\u0259rin diaqnozunun yanl\u0131\u015f v\u0259 ya gec t\u0259yin edilm\u0259si x\u0259st\u0259nin m\u00fcalic\u0259sinin yanl\u0131\u015f apar\u0131lmas\u0131 v\u0259 ya gecikm\u0259si il\u0259 n\u0259tic\u0259l\u0259nir. H\u0259m\u00e7inin diaqnozu vaxt\u0131nda m\u00fc\u0259yy\u0259n edilm\u0259y\u0259n x\u0259st\u0259 bilm\u0259d\u0259n \u0259traf\u0131ndak\u0131 \u015f\u0259xsl\u0259rl\u0259 t\u0259masda oldu\u011fundan onlar\u0131 yoluxdura bil\u0259r. Bu bax\u0131mdan son d\u0259r\u0259c\u0259 t\u0259hl\u00fck\u0259li n\u0259tic\u0259l\u0259r ba\u015f [&hellip;]<\/p>\n","protected":false},"author":1,"featured_media":0,"parent":0,"menu_order":0,"comment_status":"closed","ping_status":"closed","template":"","meta":{"_acf_changed":false,"footnotes":""},"class_list":["post-3482","page","type-page","status-publish","hentry"],"acf":[],"_links":{"self":[{"href":"https:\/\/saglamhayat.az\/index.php?rest_route=\/wp\/v2\/pages\/3482","targetHints":{"allow":["GET"]}}],"collection":[{"href":"https:\/\/saglamhayat.az\/index.php?rest_route=\/wp\/v2\/pages"}],"about":[{"href":"https:\/\/saglamhayat.az\/index.php?rest_route=\/wp\/v2\/types\/page"}],"author":[{"embeddable":true,"href":"https:\/\/saglamhayat.az\/index.php?rest_route=\/wp\/v2\/users\/1"}],"replies":[{"embeddable":true,"href":"https:\/\/saglamhayat.az\/index.php?rest_route=%2Fwp%2Fv2%2Fcomments&post=3482"}],"version-history":[{"count":5,"href":"https:\/\/saglamhayat.az\/index.php?rest_route=\/wp\/v2\/pages\/3482\/revisions"}],"predecessor-version":[{"id":16876,"href":"https:\/\/saglamhayat.az\/index.php?rest_route=\/wp\/v2\/pages\/3482\/revisions\/16876"}],"wp:attachment":[{"href":"https:\/\/saglamhayat.az\/index.php?rest_route=%2Fwp%2Fv2%2Fmedia&parent=3482"}],"curies":[{"name":"wp","href":"https:\/\/api.w.org\/{rel}","templated":true}]}}