{"id":3490,"date":"2021-12-09T06:09:15","date_gmt":"2021-12-09T06:09:15","guid":{"rendered":"https:\/\/medicate.peacefulqode.com\/?page_id=3490"},"modified":"2022-08-08T17:39:22","modified_gmt":"2022-08-08T13:39:22","slug":"hematologiya","status":"publish","type":"page","link":"https:\/\/saglamhayat.az\/?page_id=3490","title":{"rendered":"Hematologiya"},"content":{"rendered":"\t\t<div data-elementor-type=\"wp-page\" data-elementor-id=\"3490\" class=\"elementor elementor-3490\">\n\t\t\t\t\t\t<div class=\"elementor-section elementor-top-section elementor-element elementor-element-f4648d5 elementor-section-stretched elementor-section-boxed elementor-section-height-default elementor-section-height-default\" data-id=\"f4648d5\" data-element_type=\"section\" data-e-type=\"section\" data-settings=\"{&quot;stretch_section&quot;:&quot;section-stretched&quot;}\">\n\t\t\t\t\t\t<div class=\"elementor-container elementor-column-gap-default\">\n\t\t\t\t\t<div class=\"elementor-column elementor-col-33 elementor-top-column elementor-element elementor-element-630fbc3\" data-id=\"630fbc3\" data-element_type=\"column\" data-e-type=\"column\">\n\t\t\t<div class=\"elementor-widget-wrap elementor-element-populated\">\n\t\t\t\t\t\t<div class=\"elementor-element elementor-element-dd13669 elementor-widget elementor-widget-sidebar\" data-id=\"dd13669\" data-element_type=\"widget\" data-e-type=\"widget\" data-widget_type=\"sidebar.default\">\n\t\t\t\t<div class=\"elementor-widget-container\">\n\t\t\t\t\t<div class=\"widget widget-port\"><div class=\"menu-service-menu-container\"><ul id=\"menu-service-menu\" class=\"menu\"><li id=\"menu-item-3759\" class=\"menu-item menu-item-type-post_type menu-item-object-page menu-item-3759\"><a href=\"https:\/\/saglamhayat.az\/?page_id=3518\">Tibbi biokimya<\/a><\/li>\n<li id=\"menu-item-3761\" class=\"menu-item menu-item-type-post_type menu-item-object-page menu-item-3761\"><a href=\"https:\/\/saglamhayat.az\/?page_id=3494\">\u0130mmunologiya<\/a><\/li>\n<li id=\"menu-item-3762\" class=\"menu-item menu-item-type-post_type menu-item-object-page menu-item-3762\"><a href=\"https:\/\/saglamhayat.az\/?page_id=3490\">Hematologiya<\/a><\/li>\n<li id=\"menu-item-3763\" class=\"menu-item menu-item-type-post_type menu-item-object-page menu-item-3763\"><a href=\"https:\/\/saglamhayat.az\/?page_id=3482\">Tibbi mikrobiologiya<\/a><\/li>\n<\/ul><\/div><\/div>\t\t\t\t<\/div>\n\t\t\t\t<\/div>\n\t\t\t\t\t<\/div>\n\t\t<\/div>\n\t\t\t\t<div class=\"elementor-column elementor-col-66 elementor-top-column elementor-element elementor-element-299e852\" data-id=\"299e852\" data-element_type=\"column\" data-e-type=\"column\">\n\t\t\t<div class=\"elementor-widget-wrap elementor-element-populated\">\n\t\t\t\t\t\t<div class=\"elementor-element elementor-element-c16d686 elementor-widget elementor-widget-image\" data-id=\"c16d686\" data-element_type=\"widget\" data-e-type=\"widget\" data-widget_type=\"image.default\">\n\t\t\t\t<div class=\"elementor-widget-container\">\n\t\t\t\t\t\t\t\t\t\t\t\t\t\t\t<img fetchpriority=\"high\" decoding=\"async\" width=\"2500\" height=\"1406\" src=\"https:\/\/saglamhayat.az\/wp-content\/uploads\/2022\/08\/Hematology.jpg\" class=\"attachment-full size-full wp-image-17096\" alt=\"\" srcset=\"https:\/\/saglamhayat.az\/wp-content\/uploads\/2022\/08\/Hematology.jpg 2500w, https:\/\/saglamhayat.az\/wp-content\/uploads\/2022\/08\/Hematology-300x169.jpg 300w, https:\/\/saglamhayat.az\/wp-content\/uploads\/2022\/08\/Hematology-1024x576.jpg 1024w, https:\/\/saglamhayat.az\/wp-content\/uploads\/2022\/08\/Hematology-768x432.jpg 768w, https:\/\/saglamhayat.az\/wp-content\/uploads\/2022\/08\/Hematology-1536x864.jpg 1536w, https:\/\/saglamhayat.az\/wp-content\/uploads\/2022\/08\/Hematology-2048x1152.jpg 2048w, https:\/\/saglamhayat.az\/wp-content\/uploads\/2022\/08\/Hematology-600x337.jpg 600w\" sizes=\"(max-width: 2500px) 100vw, 2500px\" \/>\t\t\t\t\t\t\t\t\t\t\t\t\t\t\t<\/div>\n\t\t\t\t<\/div>\n\t\t\t\t<div class=\"elementor-element elementor-element-d784867 elementor-widget elementor-widget-heading\" data-id=\"d784867\" data-element_type=\"widget\" data-e-type=\"widget\" data-widget_type=\"heading.default\">\n\t\t\t\t<div class=\"elementor-widget-container\">\n\t\t\t\t\t<h4 class=\"elementor-heading-title elementor-size-default\">Hematologiya <\/h4>\t\t\t\t<\/div>\n\t\t\t\t<\/div>\n\t\t\t\t<div class=\"elementor-element elementor-element-2b028e7 elementor-widget elementor-widget-text-editor\" data-id=\"2b028e7\" data-element_type=\"widget\" data-e-type=\"widget\" data-widget_type=\"text-editor.default\">\n\t\t\t\t<div class=\"elementor-widget-container\">\n\t\t\t\t\t\t\t\t\t<p>Hematologiya- qan\u0131, qanyaranma orqanlar\u0131n\u0131 v\u0259 qan x\u0259st\u0259likl\u0259rini \u00f6yr\u0259n\u0259n b\u00f6lm\u0259dir. Bu b\u00f6lm\u0259y\u0259 qan v\u0259 qanyaranma sistemi x\u0259st\u0259likl\u0259rinin etiologiyas\u0131, diaqnostikas\u0131, m\u00fcalic\u0259si, proqnozla\u015fd\u0131r\u0131lmas\u0131 v\u0259 qan x\u0259st\u0259likl\u0259rinin qar\u015f\u0131s\u0131n\u0131n al\u0131nmas\u0131na y\u00f6n\u0259lmi\u015f metodlar daxildir.<\/p><p>Hematologiya b\u00f6lm\u0259sin\u0259 daxil olan \u0259sas x\u0259st\u0259lik qruplar\u0131 a\u015fa\u011f\u0131dak\u0131lard\u0131r:<\/p><p>Qan\u0131n formal\u0131 elementl\u0259rinin yaranmas\u0131nda v\u0259 hemoqlobinin sintezind\u0259 pozulmalar;<br \/>Qan\u0131n formal\u0131 elementl\u0259rinin par\u00e7alanmas\u0131n\u0131n s\u00fcr\u0259tl\u0259nm\u0259si;<br \/>Qan\u0131n formal\u0131 elementl\u0259rinin funksiyalar\u0131n\u0131n pozulmas\u0131;<br \/>Qan\u0131n laxtalanma sisteminin funksiyas\u0131n\u0131n pozulmas\u0131;<br \/>Qan\u0131n damar daxilind\u0259 laxtalanmas\u0131;<br \/>S\u00fcm\u00fck iliyi v\u0259 limfa d\u00fcy\u00fcn\u00fc h\u00fcceyr\u0259l\u0259rinin b\u0259dxass\u0259li \u015fi\u015f\u0259 \u00e7evrilm\u0259si.<\/p>\t\t\t\t\t\t\t\t<\/div>\n\t\t\t\t<\/div>\n\t\t\t\t<div class=\"elementor-element elementor-element-7c845d7 elementor-widget elementor-widget-text-editor\" data-id=\"7c845d7\" data-element_type=\"widget\" data-e-type=\"widget\" data-widget_type=\"text-editor.default\">\n\t\t\t\t<div class=\"elementor-widget-container\">\n\t\t\t\t\t\t\t\t\t<p>Hemostaz sistemi \u2013 funksional-morfoloji v\u0259 biokimy\u0259vi mexanizml\u0259rin toplusu olub, qan\u0131n maye halda qalmas\u0131n\u0131, qanaxmalar\u0131n qar\u015f\u0131s\u0131n\u0131n al\u0131nmas\u0131n\u0131, damarlar\u0131n taml\u0131\u011f\u0131n\u0131 t\u0259min edir.<\/p><p>Orqanizmd\u0259 h\u0259r hans\u0131 bir patoloji proses ba\u015f verm\u0259dikd\u0259 laxtalanma v\u0259 \u0259ks-laxtalanma sisteml\u0259rinin qar\u015f\u0131l\u0131ql\u0131 f\u0259aliyy\u0259ti n\u0259tic\u0259sind\u0259 normal qan d\u00f6vran\u0131 t\u0259min olunur. Ancaq damar z\u0259d\u0259l\u0259nm\u0259si hallar\u0131nda birincili v\u0259 ikincili hemostatik sistem aktivl\u0259\u015fir.<\/p><p>Birincili hemostaz damar spazm\u0131 (1), trombositl\u0259rin adheziyas\u0131 (2) , trombositl\u0259rin aktivl\u0259\u015fm\u0259si v\u0259 aqreqasiyas\u0131ndan (3) ibar\u0259tdir. \u0130kincili hemostaz zaman\u0131 is\u0259 hemostatik fibrin t\u0131xac\u0131 \u0259m\u0259l\u0259 g\u0259lir. Bu iki ayr\u0131 sistemin yaln\u0131z birg\u0259 f\u0259aliyy\u0259ti n\u0259tic\u0259sind\u0259 orqanizmd\u0259 hemostaz t\u0259min olunur.<\/p><p>Koaqulyasiya testl\u0259ri s\u0259b\u0259bi bilinm\u0259y\u0259n qanaxma v\u0259 antikoaqulyant m\u00fcalic\u0259nin izl\u0259nilm\u0259si zaman\u0131 t\u0259yin olunur.<\/p><p>\u018fg\u0259r irsi olaraq qanaxmaya meyillik varsa rutin analizl\u0259rl\u0259 kifay\u0259tl\u0259nm\u0259yib spesifik testl\u0259r apar\u0131lmal\u0131d\u0131r;<br \/>\u0130lkin testl\u0259rd\u0259 anormal n\u0259tic\u0259l\u0259rin \u0259ld\u0259 edilm\u0259si daha geni\u015f spektrli test\u0259l\u0259rin t\u0259yin olunmas\u0131n\u0131 t\u0259l\u0259b edir;<br \/>K\u0259skin hemostatik poz\u011funlu\u011fun ara\u015fd\u0131r\u0131lmas\u0131. Bel\u0259 ara\u015fd\u0131rmaya a\u011f\u0131r hemostaz poz\u011funlu\u011fu olan x\u0259st\u0259l\u0259rd\u0259, c\u0259rrahi \u0259m\u0259liyyat\u0131 zaman\u0131 v\u0259 ya \u0259m\u0259liyyat sonras\u0131 ehtiyac olur.<br \/>Hematoloji analizl\u0259r Sysmex markal\u0131 tam avtomat qan analizatorlar\u0131nda h\u0259yata ke\u00e7irilir.<\/p>\t\t\t\t\t\t\t\t<\/div>\n\t\t\t\t<\/div>\n\t\t\t\t\t<\/div>\n\t\t<\/div>\n\t\t\t\t\t<\/div>\n\t\t<\/div>\n\t\t\t\t<\/div>\n\t\t","protected":false},"excerpt":{"rendered":"<p>Hematologiya Hematologiya- qan\u0131, qanyaranma orqanlar\u0131n\u0131 v\u0259 qan x\u0259st\u0259likl\u0259rini \u00f6yr\u0259n\u0259n b\u00f6lm\u0259dir. Bu b\u00f6lm\u0259y\u0259 qan v\u0259 qanyaranma sistemi x\u0259st\u0259likl\u0259rinin etiologiyas\u0131, diaqnostikas\u0131, m\u00fcalic\u0259si, proqnozla\u015fd\u0131r\u0131lmas\u0131 v\u0259 qan x\u0259st\u0259likl\u0259rinin qar\u015f\u0131s\u0131n\u0131n al\u0131nmas\u0131na y\u00f6n\u0259lmi\u015f metodlar daxildir. Hematologiya b\u00f6lm\u0259sin\u0259 daxil olan \u0259sas x\u0259st\u0259lik qruplar\u0131 a\u015fa\u011f\u0131dak\u0131lard\u0131r: Qan\u0131n formal\u0131 elementl\u0259rinin yaranmas\u0131nda v\u0259 hemoqlobinin sintezind\u0259 pozulmalar;Qan\u0131n formal\u0131 elementl\u0259rinin par\u00e7alanmas\u0131n\u0131n s\u00fcr\u0259tl\u0259nm\u0259si;Qan\u0131n formal\u0131 elementl\u0259rinin funksiyalar\u0131n\u0131n pozulmas\u0131;Qan\u0131n laxtalanma sisteminin [&hellip;]<\/p>\n","protected":false},"author":1,"featured_media":0,"parent":0,"menu_order":0,"comment_status":"closed","ping_status":"closed","template":"","meta":{"_acf_changed":false,"footnotes":""},"class_list":["post-3490","page","type-page","status-publish","hentry"],"acf":[],"_links":{"self":[{"href":"https:\/\/saglamhayat.az\/index.php?rest_route=\/wp\/v2\/pages\/3490","targetHints":{"allow":["GET"]}}],"collection":[{"href":"https:\/\/saglamhayat.az\/index.php?rest_route=\/wp\/v2\/pages"}],"about":[{"href":"https:\/\/saglamhayat.az\/index.php?rest_route=\/wp\/v2\/types\/page"}],"author":[{"embeddable":true,"href":"https:\/\/saglamhayat.az\/index.php?rest_route=\/wp\/v2\/users\/1"}],"replies":[{"embeddable":true,"href":"https:\/\/saglamhayat.az\/index.php?rest_route=%2Fwp%2Fv2%2Fcomments&post=3490"}],"version-history":[{"count":9,"href":"https:\/\/saglamhayat.az\/index.php?rest_route=\/wp\/v2\/pages\/3490\/revisions"}],"predecessor-version":[{"id":17099,"href":"https:\/\/saglamhayat.az\/index.php?rest_route=\/wp\/v2\/pages\/3490\/revisions\/17099"}],"wp:attachment":[{"href":"https:\/\/saglamhayat.az\/index.php?rest_route=%2Fwp%2Fv2%2Fmedia&parent=3490"}],"curies":[{"name":"wp","href":"https:\/\/api.w.org\/{rel}","templated":true}]}}